{"id":334,"date":"2025-10-18T11:11:01","date_gmt":"2025-10-18T09:11:01","guid":{"rendered":"https:\/\/www.palladisgames.fr\/?post_type=product&#038;p=334"},"modified":"2025-11-17T20:01:29","modified_gmt":"2025-11-17T18:01:29","slug":"ritual","status":"publish","type":"product","link":"https:\/\/www.palladisgames.fr\/en\/product\/ritual\/","title":{"rendered":"Ritual"},"content":{"rendered":"<p><strong>Ritual<\/strong> est un jeu coop\u00e9ratif et en temps limit\u00e9 dans lequel vous communiquez sur vos actions au lieu de parler.<br \/>\nPour cela, vous prenez des pierres de couleur (les pierres \u00e9l\u00e9mentaires) \u00e0 d&#8217;autres chamans ou vous leur en donnez.<\/p>\n<p>Chaque joueur a une Inspiration en d\u00e9but de chrono, puis, lorsque suffisamment d&#8217;inspirations sont remplies, un rituel vient complexifier la t\u00e2che\u2026<br \/>\nUne manche se termine lorsque toutes les interruptions et tous les rituels sont effectu\u00e9s !<\/p>\n<p>Une partie se joue en 3 manches avec de plus en plus de rituels \u00e0 effectuer.<\/p>\n<p>Saurez-vous vous connecter aux autres et atteindre l\u2019harmonie parfaite au sein de votre cercle chamanique pour accomplir votre rituel ?<\/p>\n\n    <div class=\"xs_social_share_widget xs_share_url after_content \t\tmain_content  wslu-style-1 wslu-share-box-shaped wslu-fill-colored wslu-none wslu-share-horizontal wslu-theme-font-no wslu-main_content\">\n\n\t\t\n        <ul>\n\t\t\t        <\/ul>\n    <\/div>","protected":false},"excerpt":{"rendered":"<p>Vous incarnez des chamans dont l\u2019objectif est d\u2019accomplir les 6 \u00e9tapes d\u2019un rituel, en silence dans le temps imparti.<\/p>\n<p>Vos choix seront guid\u00e9s pour le bien commun : le jeu propose une\u00a0pure exp\u00e9rience de coop\u00e9ration.<\/p>\n<p>Saurez-vous vous connecter aux autres et atteindre l\u2019harmonie parfaite au sein du cercle chamanique pour accomplir les rituels ?<\/p>","protected":false},"featured_media":1404,"template":"","meta":{"_uag_custom_page_level_css":"","site-sidebar-layout":"default","site-content-layout":"","ast-site-content-layout":"default","site-content-style":"default","site-sidebar-style":"default","ast-global-header-display":"","ast-banner-title-visibility":"","ast-main-header-display":"","ast-hfb-above-header-display":"","ast-hfb-below-header-display":"","ast-hfb-mobile-header-display":"","site-post-title":"","ast-breadcrumbs-content":"disabled","ast-featured-img":"","footer-sml-layout":"","theme-transparent-header-meta":"default","adv-header-id-meta":"","stick-header-meta":"","header-above-stick-meta":"","header-main-stick-meta":"","header-below-stick-meta":"","astra-migrate-meta-layouts":"set","ast-page-background-enabled":"default","ast-page-background-meta":{"desktop":{"background-color":"var(--ast-global-color-5)","background-image":"","background-repeat":"repeat","background-position":"center center","background-size":"auto","background-attachment":"scroll","background-type":"","background-media":"","overlay-type":"","overlay-color":"","overlay-opacity":"","overlay-gradient":""},"tablet":{"background-color":"","background-image":"","background-repeat":"repeat","background-position":"center center","background-size":"auto","background-attachment":"scroll","background-type":"","background-media":"","overlay-type":"","overlay-color":"","overlay-opacity":"","overlay-gradient":""},"mobile":{"background-color":"","background-image":"","background-repeat":"repeat","background-position":"center center","background-size":"auto","background-attachment":"scroll","background-type":"","background-media":"","overlay-type":"","overlay-color":"","overlay-opacity":"","overlay-gradient":""}},"ast-content-background-meta":{"desktop":{"background-color":"var(--ast-global-color-4)","background-image":"","background-repeat":"repeat","background-position":"center center","background-size":"auto","background-attachment":"scroll","background-type":"","background-media":"","overlay-type":"","overlay-color":"","overlay-opacity":"","overlay-gradient":""},"tablet":{"background-color":"var(--ast-global-color-4)","background-image":"","background-repeat":"repeat","background-position":"center center","background-size":"auto","background-attachment":"scroll","background-type":"","background-media":"","overlay-type":"","overlay-color":"","overlay-opacity":"","overlay-gradient":""},"mobile":{"background-color":"var(--ast-global-color-4)","background-image":"","background-repeat":"repeat","background-position":"center center","background-size":"auto","background-attachment":"scroll","background-type":"","background-media":"","overlay-type":"","overlay-color":"","overlay-opacity":"","overlay-gradient":""}}},"product_brand":[51],"product_cat":[41],"product_tag":[35,36,45,46],"class_list":{"0":"post-334","1":"product","2":"type-product","3":"status-publish","4":"has-post-thumbnail","6":"product_brand-palladis-games","7":"product_cat-decouverte","8":"product_tag-35","9":"product_tag-36","10":"product_tag-cooperatif","11":"product_tag-non-verbal","12":"desktop-align-left","13":"tablet-align-left","14":"mobile-align-left","16":"first","17":"instock","18":"taxable","19":"shipping-taxable","20":"purchasable","21":"product-type-simple"},"yoast_head":"<!-- This site is optimized with the Yoast SEO plugin v27.1 - https:\/\/yoast.com\/product\/yoast-seo-wordpress\/ -->\n<title>Ritual - Palladis Games<\/title>\n<meta name=\"description\" content=\"Ritual est un jeu coop\u00e9ratif et en temps limit\u00e9 dans lequel vous communiquez sur vos actions au lieu de parler.\" \/>\n<meta name=\"robots\" content=\"index, follow, max-snippet:-1, max-image-preview:large, max-video-preview:-1\" \/>\n<link rel=\"canonical\" href=\"https:\/\/www.palladisgames.fr\/en\/product\/ritual\/\" \/>\n<meta property=\"og:locale\" content=\"en_GB\" \/>\n<meta property=\"og:type\" content=\"article\" \/>\n<meta property=\"og:title\" content=\"Ritual - Palladis Games\" \/>\n<meta property=\"og:description\" content=\"Ritual est un jeu coop\u00e9ratif et en temps limit\u00e9 dans lequel vous communiquez sur vos actions au lieu de parler.\" \/>\n<meta property=\"og:url\" content=\"https:\/\/www.palladisgames.fr\/en\/product\/ritual\/\" \/>\n<meta property=\"og:site_name\" content=\"Palladis Games\" \/>\n<meta property=\"article:publisher\" content=\"https:\/\/www.facebook.com\/palladisgames\/\" \/>\n<meta property=\"article:modified_time\" content=\"2025-11-17T18:01:29+00:00\" \/>\n<meta property=\"og:image\" content=\"https:\/\/www.palladisgames.fr\/wp-content\/uploads\/2024\/12\/Ritual.png\" \/>\n\t<meta property=\"og:image:width\" content=\"1181\" \/>\n\t<meta property=\"og:image:height\" content=\"1181\" \/>\n\t<meta property=\"og:image:type\" content=\"image\/png\" \/>\n<meta name=\"twitter:card\" content=\"summary_large_image\" \/>\n<meta name=\"twitter:label1\" content=\"Estimated reading time\" \/>\n\t<meta name=\"twitter:data1\" content=\"1 minute\" \/>\n<script type=\"application\/ld+json\" class=\"yoast-schema-graph\">{\"@context\":\"https:\/\/schema.org\",\"@graph\":[{\"@type\":\"WebPage\",\"@id\":\"https:\/\/www.palladisgames.fr\/produit\/ritual\/\",\"url\":\"https:\/\/www.palladisgames.fr\/produit\/ritual\/\",\"name\":\"Ritual - Palladis Games\",\"isPartOf\":{\"@id\":\"https:\/\/www.palladisgames.fr\/#website\"},\"primaryImageOfPage\":{\"@id\":\"https:\/\/www.palladisgames.fr\/produit\/ritual\/#primaryimage\"},\"image\":{\"@id\":\"https:\/\/www.palladisgames.fr\/produit\/ritual\/#primaryimage\"},\"thumbnailUrl\":\"https:\/\/www.palladisgames.fr\/wp-content\/uploads\/2024\/12\/Ritual.png\",\"datePublished\":\"2025-10-18T09:11:01+00:00\",\"dateModified\":\"2025-11-17T18:01:29+00:00\",\"description\":\"Ritual est un jeu coop\u00e9ratif et en temps limit\u00e9 dans lequel vous communiquez sur vos actions au lieu de parler.\",\"breadcrumb\":{\"@id\":\"https:\/\/www.palladisgames.fr\/produit\/ritual\/#breadcrumb\"},\"inLanguage\":\"en-GB\",\"potentialAction\":[{\"@type\":\"ReadAction\",\"target\":[\"https:\/\/www.palladisgames.fr\/produit\/ritual\/\"]}]},{\"@type\":\"ImageObject\",\"inLanguage\":\"en-GB\",\"@id\":\"https:\/\/www.palladisgames.fr\/produit\/ritual\/#primaryimage\",\"url\":\"https:\/\/www.palladisgames.fr\/wp-content\/uploads\/2024\/12\/Ritual.png\",\"contentUrl\":\"https:\/\/www.palladisgames.fr\/wp-content\/uploads\/2024\/12\/Ritual.png\",\"width\":1181,\"height\":1181,\"caption\":\"Ritual - jeu de soci\u00e9t\u00e9 coop\u00e9ratif chamanique Palladis Games\"},{\"@type\":\"BreadcrumbList\",\"@id\":\"https:\/\/www.palladisgames.fr\/produit\/ritual\/#breadcrumb\",\"itemListElement\":[{\"@type\":\"ListItem\",\"position\":1,\"name\":\"Accueil\",\"item\":\"https:\/\/www.palladisgames.fr\/\"},{\"@type\":\"ListItem\",\"position\":2,\"name\":\"Boutique\",\"item\":\"https:\/\/www.palladisgames.fr\/boutique-2\/\"},{\"@type\":\"ListItem\",\"position\":3,\"name\":\"Ritual\"}]},{\"@type\":\"WebSite\",\"@id\":\"https:\/\/www.palladisgames.fr\/#website\",\"url\":\"https:\/\/www.palladisgames.fr\/\",\"name\":\"Palladis Games\",\"description\":\"Le jeu par nature\",\"publisher\":{\"@id\":\"https:\/\/www.palladisgames.fr\/#organization\"},\"potentialAction\":[{\"@type\":\"SearchAction\",\"target\":{\"@type\":\"EntryPoint\",\"urlTemplate\":\"https:\/\/www.palladisgames.fr\/?s={search_term_string}\"},\"query-input\":{\"@type\":\"PropertyValueSpecification\",\"valueRequired\":true,\"valueName\":\"search_term_string\"}}],\"inLanguage\":\"en-GB\"},{\"@type\":\"Organization\",\"@id\":\"https:\/\/www.palladisgames.fr\/#organization\",\"name\":\"Palladis Games\",\"url\":\"https:\/\/www.palladisgames.fr\/\",\"logo\":{\"@type\":\"ImageObject\",\"inLanguage\":\"en-GB\",\"@id\":\"https:\/\/www.palladisgames.fr\/#\/schema\/logo\/image\/\",\"url\":\"https:\/\/www.palladisgames.fr\/wp-content\/uploads\/2023\/07\/logo-small.png\",\"contentUrl\":\"https:\/\/www.palladisgames.fr\/wp-content\/uploads\/2023\/07\/logo-small.png\",\"width\":132,\"height\":37,\"caption\":\"Palladis Games\"},\"image\":{\"@id\":\"https:\/\/www.palladisgames.fr\/#\/schema\/logo\/image\/\"},\"sameAs\":[\"https:\/\/www.facebook.com\/palladisgames\/\"]}]}<\/script>\n<!-- \/ Yoast SEO plugin. -->","yoast_head_json":{"title":"Ritual - Palladis Games","description":"Ritual est un jeu coop\u00e9ratif et en temps limit\u00e9 dans lequel vous communiquez sur vos actions au lieu de parler.","robots":{"index":"index","follow":"follow","max-snippet":"max-snippet:-1","max-image-preview":"max-image-preview:large","max-video-preview":"max-video-preview:-1"},"canonical":"https:\/\/www.palladisgames.fr\/en\/product\/ritual\/","og_locale":"en_GB","og_type":"article","og_title":"Ritual - Palladis Games","og_description":"Ritual est un jeu coop\u00e9ratif et en temps limit\u00e9 dans lequel vous communiquez sur vos actions au lieu de parler.","og_url":"https:\/\/www.palladisgames.fr\/en\/product\/ritual\/","og_site_name":"Palladis Games","article_publisher":"https:\/\/www.facebook.com\/palladisgames\/","article_modified_time":"2025-11-17T18:01:29+00:00","og_image":[{"width":1181,"height":1181,"url":"https:\/\/www.palladisgames.fr\/wp-content\/uploads\/2024\/12\/Ritual.png","type":"image\/png"}],"twitter_card":"summary_large_image","twitter_misc":{"Estimated reading time":"1 minute"},"schema":{"@context":"https:\/\/schema.org","@graph":[{"@type":"WebPage","@id":"https:\/\/www.palladisgames.fr\/produit\/ritual\/","url":"https:\/\/www.palladisgames.fr\/produit\/ritual\/","name":"Ritual - Palladis Games","isPartOf":{"@id":"https:\/\/www.palladisgames.fr\/#website"},"primaryImageOfPage":{"@id":"https:\/\/www.palladisgames.fr\/produit\/ritual\/#primaryimage"},"image":{"@id":"https:\/\/www.palladisgames.fr\/produit\/ritual\/#primaryimage"},"thumbnailUrl":"https:\/\/www.palladisgames.fr\/wp-content\/uploads\/2024\/12\/Ritual.png","datePublished":"2025-10-18T09:11:01+00:00","dateModified":"2025-11-17T18:01:29+00:00","description":"Ritual est un jeu coop\u00e9ratif et en temps limit\u00e9 dans lequel vous communiquez sur vos actions au lieu de parler.","breadcrumb":{"@id":"https:\/\/www.palladisgames.fr\/produit\/ritual\/#breadcrumb"},"inLanguage":"en-GB","potentialAction":[{"@type":"ReadAction","target":["https:\/\/www.palladisgames.fr\/produit\/ritual\/"]}]},{"@type":"ImageObject","inLanguage":"en-GB","@id":"https:\/\/www.palladisgames.fr\/produit\/ritual\/#primaryimage","url":"https:\/\/www.palladisgames.fr\/wp-content\/uploads\/2024\/12\/Ritual.png","contentUrl":"https:\/\/www.palladisgames.fr\/wp-content\/uploads\/2024\/12\/Ritual.png","width":1181,"height":1181,"caption":"Ritual - jeu de soci\u00e9t\u00e9 coop\u00e9ratif chamanique Palladis Games"},{"@type":"BreadcrumbList","@id":"https:\/\/www.palladisgames.fr\/produit\/ritual\/#breadcrumb","itemListElement":[{"@type":"ListItem","position":1,"name":"Accueil","item":"https:\/\/www.palladisgames.fr\/"},{"@type":"ListItem","position":2,"name":"Boutique","item":"https:\/\/www.palladisgames.fr\/boutique-2\/"},{"@type":"ListItem","position":3,"name":"Ritual"}]},{"@type":"WebSite","@id":"https:\/\/www.palladisgames.fr\/#website","url":"https:\/\/www.palladisgames.fr\/","name":"Palladis Games","description":"Le jeu par nature","publisher":{"@id":"https:\/\/www.palladisgames.fr\/#organization"},"potentialAction":[{"@type":"SearchAction","target":{"@type":"EntryPoint","urlTemplate":"https:\/\/www.palladisgames.fr\/?s={search_term_string}"},"query-input":{"@type":"PropertyValueSpecification","valueRequired":true,"valueName":"search_term_string"}}],"inLanguage":"en-GB"},{"@type":"Organization","@id":"https:\/\/www.palladisgames.fr\/#organization","name":"Palladis Games","url":"https:\/\/www.palladisgames.fr\/","logo":{"@type":"ImageObject","inLanguage":"en-GB","@id":"https:\/\/www.palladisgames.fr\/#\/schema\/logo\/image\/","url":"https:\/\/www.palladisgames.fr\/wp-content\/uploads\/2023\/07\/logo-small.png","contentUrl":"https:\/\/www.palladisgames.fr\/wp-content\/uploads\/2023\/07\/logo-small.png","width":132,"height":37,"caption":"Palladis Games"},"image":{"@id":"https:\/\/www.palladisgames.fr\/#\/schema\/logo\/image\/"},"sameAs":["https:\/\/www.facebook.com\/palladisgames\/"]}]}},"uagb_featured_image_src":{"full":["https:\/\/www.palladisgames.fr\/wp-content\/uploads\/2024\/12\/Ritual.png",1181,1181,false],"thumbnail":["https:\/\/www.palladisgames.fr\/wp-content\/uploads\/2024\/12\/Ritual-150x150.png",150,150,true],"medium":["https:\/\/www.palladisgames.fr\/wp-content\/uploads\/2024\/12\/Ritual-300x300.png",300,300,true],"medium_large":["https:\/\/www.palladisgames.fr\/wp-content\/uploads\/2024\/12\/Ritual-768x768.png",768,768,true],"large":["https:\/\/www.palladisgames.fr\/wp-content\/uploads\/2024\/12\/Ritual-1024x1024.png",1024,1024,true],"1536x1536":["https:\/\/www.palladisgames.fr\/wp-content\/uploads\/2024\/12\/Ritual.png",1181,1181,false],"2048x2048":["https:\/\/www.palladisgames.fr\/wp-content\/uploads\/2024\/12\/Ritual.png",1181,1181,false],"trp-custom-language-flag":["https:\/\/www.palladisgames.fr\/wp-content\/uploads\/2024\/12\/Ritual-12x12.png",12,12,true],"woocommerce_thumbnail":["https:\/\/www.palladisgames.fr\/wp-content\/uploads\/2024\/12\/Ritual-300x225.png",300,225,true],"woocommerce_single":["https:\/\/www.palladisgames.fr\/wp-content\/uploads\/2024\/12\/Ritual-600x600.png",600,600,true],"woocommerce_gallery_thumbnail":["https:\/\/www.palladisgames.fr\/wp-content\/uploads\/2024\/12\/Ritual-100x100.png",100,100,true]},"uagb_author_info":{"display_name":"Eric","author_link":"https:\/\/www.palladisgames.fr\/en\/author\/"},"uagb_comment_info":0,"uagb_excerpt":"Vous incarnez des chamans dont l\u2019objectif est d\u2019accomplir les 6 \u00e9tapes d\u2019un rituel, en silence dans le temps imparti. Vos choix seront guid\u00e9s pour le bien commun : le jeu propose une\u00a0pure exp\u00e9rience de coop\u00e9ration. Saurez-vous vous connecter aux autres et atteindre l\u2019harmonie parfaite au sein du cercle chamanique pour accomplir les rituels ?","_links":{"self":[{"href":"https:\/\/www.palladisgames.fr\/en\/wp-json\/wp\/v2\/product\/334","targetHints":{"allow":["GET"]}}],"collection":[{"href":"https:\/\/www.palladisgames.fr\/en\/wp-json\/wp\/v2\/product"}],"about":[{"href":"https:\/\/www.palladisgames.fr\/en\/wp-json\/wp\/v2\/types\/product"}],"wp:featuredmedia":[{"embeddable":true,"href":"https:\/\/www.palladisgames.fr\/en\/wp-json\/wp\/v2\/media\/1404"}],"wp:attachment":[{"href":"https:\/\/www.palladisgames.fr\/en\/wp-json\/wp\/v2\/media?parent=334"}],"wp:term":[{"taxonomy":"product_brand","embeddable":true,"href":"https:\/\/www.palladisgames.fr\/en\/wp-json\/wp\/v2\/product_brand?post=334"},{"taxonomy":"product_cat","embeddable":true,"href":"https:\/\/www.palladisgames.fr\/en\/wp-json\/wp\/v2\/product_cat?post=334"},{"taxonomy":"product_tag","embeddable":true,"href":"https:\/\/www.palladisgames.fr\/en\/wp-json\/wp\/v2\/product_tag?post=334"}],"curies":[{"name":"wp","href":"https:\/\/api.w.org\/{rel}","templated":true}]}}