{"id":331,"date":"2025-01-31T11:11:00","date_gmt":"2025-01-31T11:11:00","guid":{"rendered":"https:\/\/www.palladisgames.fr\/?post_type=product&#038;p=331"},"modified":"2025-10-09T14:06:07","modified_gmt":"2025-10-09T12:06:07","slug":"pack-divinites-celtes","status":"publish","type":"product","link":"https:\/\/www.palladisgames.fr\/en\/product\/pack-divinites-celtes\/","title":{"rendered":"Celtic divinities pack"},"content":{"rendered":"<p>Une extension exclusive qui permet de jouer avec des divinit\u00e9s celtes dans BLOT.<br \/>\nGr\u00e2ce \u00e0 Belissama, Lug, Ogmios et Teutates, ajoutez de nouvelles options d&#8217;offrandes \u00e0 vos parties de BLOT.<br \/>\nCes divinit\u00e9s remplaceront les divinit\u00e9s nordiques du jeu de base (mais si vous voulez mixer les divinit\u00e9s, on ne sera pas derri\u00e8re vous pour vous l&#8217;interdire&#8230; vous risquez juste de f\u00e2cher deux panth\u00e9ons entiers ^^)<\/p>\n\n    <div class=\"xs_social_share_widget xs_share_url after_content \t\tmain_content  wslu-style-1 wslu-share-box-shaped wslu-fill-colored wslu-none wslu-share-horizontal wslu-theme-font-no wslu-main_content\">\n\n\t\t\n        <ul>\n\t\t\t        <\/ul>\n    <\/div>","protected":false},"excerpt":{"rendered":"<p>Une extension exclusive qui permet de jouer avec des divinit\u00e9s celtes dans BLOT.<br \/>\nGr\u00e2ce \u00e0 Belissama, Lug, Ogmios et Teutates, ajoutez de nouvelles options d&#8217;offrandes \u00e0 vos parties de BLOT.<br \/>\nCes divinit\u00e9s remplaceront les divinit\u00e9s nordiques du jeu de base (mais si vous voulez mixer les divinit\u00e9s, on ne sera pas derri\u00e8re vous pour vous l&#8217;interdire&#8230; vous risquez juste de f\u00e2cher deux panth\u00e9ons entiers ^^)<\/p>","protected":false},"featured_media":489,"template":"","meta":{"_uag_custom_page_level_css":"","site-sidebar-layout":"default","site-content-layout":"","ast-site-content-layout":"default","site-content-style":"default","site-sidebar-style":"default","ast-global-header-display":"","ast-banner-title-visibility":"","ast-main-header-display":"","ast-hfb-above-header-display":"","ast-hfb-below-header-display":"","ast-hfb-mobile-header-display":"","site-post-title":"","ast-breadcrumbs-content":"disabled","ast-featured-img":"","footer-sml-layout":"","theme-transparent-header-meta":"default","adv-header-id-meta":"","stick-header-meta":"","header-above-stick-meta":"","header-main-stick-meta":"","header-below-stick-meta":"","astra-migrate-meta-layouts":"set","ast-page-background-enabled":"default","ast-page-background-meta":{"desktop":{"background-color":"var(--ast-global-color-5)","background-image":"","background-repeat":"repeat","background-position":"center center","background-size":"auto","background-attachment":"scroll","background-type":"","background-media":"","overlay-type":"","overlay-color":"","overlay-opacity":"","overlay-gradient":""},"tablet":{"background-color":"","background-image":"","background-repeat":"repeat","background-position":"center center","background-size":"auto","background-attachment":"scroll","background-type":"","background-media":"","overlay-type":"","overlay-color":"","overlay-opacity":"","overlay-gradient":""},"mobile":{"background-color":"","background-image":"","background-repeat":"repeat","background-position":"center center","background-size":"auto","background-attachment":"scroll","background-type":"","background-media":"","overlay-type":"","overlay-color":"","overlay-opacity":"","overlay-gradient":""}},"ast-content-background-meta":{"desktop":{"background-color":"var(--ast-global-color-4)","background-image":"","background-repeat":"repeat","background-position":"center center","background-size":"auto","background-attachment":"scroll","background-type":"","background-media":"","overlay-type":"","overlay-color":"","overlay-opacity":"","overlay-gradient":""},"tablet":{"background-color":"var(--ast-global-color-4)","background-image":"","background-repeat":"repeat","background-position":"center center","background-size":"auto","background-attachment":"scroll","background-type":"","background-media":"","overlay-type":"","overlay-color":"","overlay-opacity":"","overlay-gradient":""},"mobile":{"background-color":"var(--ast-global-color-4)","background-image":"","background-repeat":"repeat","background-position":"center center","background-size":"auto","background-attachment":"scroll","background-type":"","background-media":"","overlay-type":"","overlay-color":"","overlay-opacity":"","overlay-gradient":""}}},"product_brand":[],"product_cat":[34],"product_tag":[35,30,39,40],"class_list":{"0":"post-331","1":"product","2":"type-product","3":"status-publish","4":"has-post-thumbnail","6":"product_cat-nomade","7":"product_tag-35","8":"product_tag-30","9":"product_tag-jeu-de-plis","10":"product_tag-mythologie","11":"product_shipping_class-colis-leger","12":"desktop-align-left","13":"tablet-align-left","14":"mobile-align-left","16":"first","17":"instock","18":"taxable","19":"shipping-taxable","20":"purchasable","21":"product-type-simple"},"yoast_head":"<!-- This site is optimized with the Yoast SEO plugin v27.1 - https:\/\/yoast.com\/product\/yoast-seo-wordpress\/ -->\n<title>Palladis Games - BLOT - Pack divinit\u00e9s celtes<\/title>\n<meta name=\"description\" content=\"Une extension exclusive qui vous permet de jouer avec des divinit\u00e9s celtes dans BLOT.\" \/>\n<meta name=\"robots\" content=\"index, follow, max-snippet:-1, max-image-preview:large, max-video-preview:-1\" \/>\n<link rel=\"canonical\" href=\"https:\/\/www.palladisgames.fr\/en\/product\/pack-divinites-celtes\/\" \/>\n<meta property=\"og:locale\" content=\"en_GB\" \/>\n<meta property=\"og:type\" content=\"article\" \/>\n<meta property=\"og:title\" content=\"Palladis Games - BLOT - Pack divinit\u00e9s celtes\" \/>\n<meta property=\"og:description\" content=\"Une extension exclusive qui vous permet de jouer avec des divinit\u00e9s celtes dans BLOT.\" \/>\n<meta property=\"og:url\" content=\"https:\/\/www.palladisgames.fr\/en\/product\/pack-divinites-celtes\/\" \/>\n<meta property=\"og:site_name\" content=\"Palladis Games\" \/>\n<meta property=\"article:publisher\" content=\"https:\/\/www.facebook.com\/palladisgames\/\" \/>\n<meta property=\"article:modified_time\" content=\"2025-10-09T12:06:07+00:00\" \/>\n<meta property=\"og:image\" content=\"https:\/\/www.palladisgames.fr\/wp-content\/uploads\/2025\/01\/gods_blot.png\" \/>\n\t<meta property=\"og:image:width\" content=\"500\" \/>\n\t<meta property=\"og:image:height\" content=\"500\" \/>\n\t<meta property=\"og:image:type\" content=\"image\/png\" \/>\n<meta name=\"twitter:card\" content=\"summary_large_image\" \/>\n<meta name=\"twitter:label1\" content=\"Estimated reading time\" \/>\n\t<meta name=\"twitter:data1\" content=\"1 minute\" \/>\n<script type=\"application\/ld+json\" class=\"yoast-schema-graph\">{\"@context\":\"https:\/\/schema.org\",\"@graph\":[{\"@type\":\"WebPage\",\"@id\":\"https:\/\/www.palladisgames.fr\/produit\/pack-divinites-celtes\/\",\"url\":\"https:\/\/www.palladisgames.fr\/produit\/pack-divinites-celtes\/\",\"name\":\"Palladis Games - BLOT - Pack divinit\u00e9s celtes\",\"isPartOf\":{\"@id\":\"https:\/\/www.palladisgames.fr\/#website\"},\"primaryImageOfPage\":{\"@id\":\"https:\/\/www.palladisgames.fr\/produit\/pack-divinites-celtes\/#primaryimage\"},\"image\":{\"@id\":\"https:\/\/www.palladisgames.fr\/produit\/pack-divinites-celtes\/#primaryimage\"},\"thumbnailUrl\":\"https:\/\/www.palladisgames.fr\/wp-content\/uploads\/2025\/01\/gods_blot.png\",\"datePublished\":\"2025-01-31T11:11:00+00:00\",\"dateModified\":\"2025-10-09T12:06:07+00:00\",\"description\":\"Une extension exclusive qui vous permet de jouer avec des divinit\u00e9s celtes dans BLOT.\",\"breadcrumb\":{\"@id\":\"https:\/\/www.palladisgames.fr\/produit\/pack-divinites-celtes\/#breadcrumb\"},\"inLanguage\":\"en-GB\",\"potentialAction\":[{\"@type\":\"ReadAction\",\"target\":[\"https:\/\/www.palladisgames.fr\/produit\/pack-divinites-celtes\/\"]}]},{\"@type\":\"ImageObject\",\"inLanguage\":\"en-GB\",\"@id\":\"https:\/\/www.palladisgames.fr\/produit\/pack-divinites-celtes\/#primaryimage\",\"url\":\"https:\/\/www.palladisgames.fr\/wp-content\/uploads\/2025\/01\/gods_blot.png\",\"contentUrl\":\"https:\/\/www.palladisgames.fr\/wp-content\/uploads\/2025\/01\/gods_blot.png\",\"width\":500,\"height\":500},{\"@type\":\"BreadcrumbList\",\"@id\":\"https:\/\/www.palladisgames.fr\/produit\/pack-divinites-celtes\/#breadcrumb\",\"itemListElement\":[{\"@type\":\"ListItem\",\"position\":1,\"name\":\"Accueil\",\"item\":\"https:\/\/www.palladisgames.fr\/\"},{\"@type\":\"ListItem\",\"position\":2,\"name\":\"Boutique\",\"item\":\"https:\/\/www.palladisgames.fr\/boutique-2\/\"},{\"@type\":\"ListItem\",\"position\":3,\"name\":\"Pack divinit\u00e9s celtes\"}]},{\"@type\":\"WebSite\",\"@id\":\"https:\/\/www.palladisgames.fr\/#website\",\"url\":\"https:\/\/www.palladisgames.fr\/\",\"name\":\"Palladis Games\",\"description\":\"Le jeu par nature\",\"publisher\":{\"@id\":\"https:\/\/www.palladisgames.fr\/#organization\"},\"potentialAction\":[{\"@type\":\"SearchAction\",\"target\":{\"@type\":\"EntryPoint\",\"urlTemplate\":\"https:\/\/www.palladisgames.fr\/?s={search_term_string}\"},\"query-input\":{\"@type\":\"PropertyValueSpecification\",\"valueRequired\":true,\"valueName\":\"search_term_string\"}}],\"inLanguage\":\"en-GB\"},{\"@type\":\"Organization\",\"@id\":\"https:\/\/www.palladisgames.fr\/#organization\",\"name\":\"Palladis Games\",\"url\":\"https:\/\/www.palladisgames.fr\/\",\"logo\":{\"@type\":\"ImageObject\",\"inLanguage\":\"en-GB\",\"@id\":\"https:\/\/www.palladisgames.fr\/#\/schema\/logo\/image\/\",\"url\":\"https:\/\/www.palladisgames.fr\/wp-content\/uploads\/2023\/07\/logo-small.png\",\"contentUrl\":\"https:\/\/www.palladisgames.fr\/wp-content\/uploads\/2023\/07\/logo-small.png\",\"width\":132,\"height\":37,\"caption\":\"Palladis Games\"},\"image\":{\"@id\":\"https:\/\/www.palladisgames.fr\/#\/schema\/logo\/image\/\"},\"sameAs\":[\"https:\/\/www.facebook.com\/palladisgames\/\"]}]}<\/script>\n<!-- \/ Yoast SEO plugin. -->","yoast_head_json":{"title":"Palladis Games - BLOT - Pack divinit\u00e9s celtes","description":"Une extension exclusive qui vous permet de jouer avec des divinit\u00e9s celtes dans BLOT.","robots":{"index":"index","follow":"follow","max-snippet":"max-snippet:-1","max-image-preview":"max-image-preview:large","max-video-preview":"max-video-preview:-1"},"canonical":"https:\/\/www.palladisgames.fr\/en\/product\/pack-divinites-celtes\/","og_locale":"en_GB","og_type":"article","og_title":"Palladis Games - BLOT - Pack divinit\u00e9s celtes","og_description":"Une extension exclusive qui vous permet de jouer avec des divinit\u00e9s celtes dans BLOT.","og_url":"https:\/\/www.palladisgames.fr\/en\/product\/pack-divinites-celtes\/","og_site_name":"Palladis Games","article_publisher":"https:\/\/www.facebook.com\/palladisgames\/","article_modified_time":"2025-10-09T12:06:07+00:00","og_image":[{"width":500,"height":500,"url":"https:\/\/www.palladisgames.fr\/wp-content\/uploads\/2025\/01\/gods_blot.png","type":"image\/png"}],"twitter_card":"summary_large_image","twitter_misc":{"Estimated reading time":"1 minute"},"schema":{"@context":"https:\/\/schema.org","@graph":[{"@type":"WebPage","@id":"https:\/\/www.palladisgames.fr\/produit\/pack-divinites-celtes\/","url":"https:\/\/www.palladisgames.fr\/produit\/pack-divinites-celtes\/","name":"Palladis Games - BLOT - Pack divinit\u00e9s celtes","isPartOf":{"@id":"https:\/\/www.palladisgames.fr\/#website"},"primaryImageOfPage":{"@id":"https:\/\/www.palladisgames.fr\/produit\/pack-divinites-celtes\/#primaryimage"},"image":{"@id":"https:\/\/www.palladisgames.fr\/produit\/pack-divinites-celtes\/#primaryimage"},"thumbnailUrl":"https:\/\/www.palladisgames.fr\/wp-content\/uploads\/2025\/01\/gods_blot.png","datePublished":"2025-01-31T11:11:00+00:00","dateModified":"2025-10-09T12:06:07+00:00","description":"Une extension exclusive qui vous permet de jouer avec des divinit\u00e9s celtes dans BLOT.","breadcrumb":{"@id":"https:\/\/www.palladisgames.fr\/produit\/pack-divinites-celtes\/#breadcrumb"},"inLanguage":"en-GB","potentialAction":[{"@type":"ReadAction","target":["https:\/\/www.palladisgames.fr\/produit\/pack-divinites-celtes\/"]}]},{"@type":"ImageObject","inLanguage":"en-GB","@id":"https:\/\/www.palladisgames.fr\/produit\/pack-divinites-celtes\/#primaryimage","url":"https:\/\/www.palladisgames.fr\/wp-content\/uploads\/2025\/01\/gods_blot.png","contentUrl":"https:\/\/www.palladisgames.fr\/wp-content\/uploads\/2025\/01\/gods_blot.png","width":500,"height":500},{"@type":"BreadcrumbList","@id":"https:\/\/www.palladisgames.fr\/produit\/pack-divinites-celtes\/#breadcrumb","itemListElement":[{"@type":"ListItem","position":1,"name":"Accueil","item":"https:\/\/www.palladisgames.fr\/"},{"@type":"ListItem","position":2,"name":"Boutique","item":"https:\/\/www.palladisgames.fr\/boutique-2\/"},{"@type":"ListItem","position":3,"name":"Pack divinit\u00e9s celtes"}]},{"@type":"WebSite","@id":"https:\/\/www.palladisgames.fr\/#website","url":"https:\/\/www.palladisgames.fr\/","name":"Palladis Games","description":"Le jeu par nature","publisher":{"@id":"https:\/\/www.palladisgames.fr\/#organization"},"potentialAction":[{"@type":"SearchAction","target":{"@type":"EntryPoint","urlTemplate":"https:\/\/www.palladisgames.fr\/?s={search_term_string}"},"query-input":{"@type":"PropertyValueSpecification","valueRequired":true,"valueName":"search_term_string"}}],"inLanguage":"en-GB"},{"@type":"Organization","@id":"https:\/\/www.palladisgames.fr\/#organization","name":"Palladis Games","url":"https:\/\/www.palladisgames.fr\/","logo":{"@type":"ImageObject","inLanguage":"en-GB","@id":"https:\/\/www.palladisgames.fr\/#\/schema\/logo\/image\/","url":"https:\/\/www.palladisgames.fr\/wp-content\/uploads\/2023\/07\/logo-small.png","contentUrl":"https:\/\/www.palladisgames.fr\/wp-content\/uploads\/2023\/07\/logo-small.png","width":132,"height":37,"caption":"Palladis Games"},"image":{"@id":"https:\/\/www.palladisgames.fr\/#\/schema\/logo\/image\/"},"sameAs":["https:\/\/www.facebook.com\/palladisgames\/"]}]}},"uagb_featured_image_src":{"full":["https:\/\/www.palladisgames.fr\/wp-content\/uploads\/2025\/01\/gods_blot.png",500,500,false],"thumbnail":["https:\/\/www.palladisgames.fr\/wp-content\/uploads\/2025\/01\/gods_blot-150x150.png",150,150,true],"medium":["https:\/\/www.palladisgames.fr\/wp-content\/uploads\/2025\/01\/gods_blot-300x300.png",300,300,true],"medium_large":["https:\/\/www.palladisgames.fr\/wp-content\/uploads\/2025\/01\/gods_blot.png",500,500,false],"large":["https:\/\/www.palladisgames.fr\/wp-content\/uploads\/2025\/01\/gods_blot.png",500,500,false],"1536x1536":["https:\/\/www.palladisgames.fr\/wp-content\/uploads\/2025\/01\/gods_blot.png",500,500,false],"2048x2048":["https:\/\/www.palladisgames.fr\/wp-content\/uploads\/2025\/01\/gods_blot.png",500,500,false],"trp-custom-language-flag":["https:\/\/www.palladisgames.fr\/wp-content\/uploads\/2025\/01\/gods_blot-12x12.png",12,12,true],"woocommerce_thumbnail":["https:\/\/www.palladisgames.fr\/wp-content\/uploads\/2025\/01\/gods_blot-300x225.png",300,225,true],"woocommerce_single":["https:\/\/www.palladisgames.fr\/wp-content\/uploads\/2025\/01\/gods_blot.png",500,500,false],"woocommerce_gallery_thumbnail":["https:\/\/www.palladisgames.fr\/wp-content\/uploads\/2025\/01\/gods_blot-100x100.png",100,100,true]},"uagb_author_info":{"display_name":"Eric","author_link":"https:\/\/www.palladisgames.fr\/en\/author\/"},"uagb_comment_info":0,"uagb_excerpt":"Une extension exclusive qui permet de jouer avec des divinit\u00e9s celtes dans BLOT. Gr\u00e2ce \u00e0 Belissama, Lug, Ogmios et Teutates, ajoutez de nouvelles options d'offrandes \u00e0 vos parties de BLOT. Ces divinit\u00e9s remplaceront les divinit\u00e9s nordiques du jeu de base (mais si vous voulez mixer les divinit\u00e9s, on ne sera pas derri\u00e8re vous pour vous&hellip;","_links":{"self":[{"href":"https:\/\/www.palladisgames.fr\/en\/wp-json\/wp\/v2\/product\/331","targetHints":{"allow":["GET"]}}],"collection":[{"href":"https:\/\/www.palladisgames.fr\/en\/wp-json\/wp\/v2\/product"}],"about":[{"href":"https:\/\/www.palladisgames.fr\/en\/wp-json\/wp\/v2\/types\/product"}],"wp:featuredmedia":[{"embeddable":true,"href":"https:\/\/www.palladisgames.fr\/en\/wp-json\/wp\/v2\/media\/489"}],"wp:attachment":[{"href":"https:\/\/www.palladisgames.fr\/en\/wp-json\/wp\/v2\/media?parent=331"}],"wp:term":[{"taxonomy":"product_brand","embeddable":true,"href":"https:\/\/www.palladisgames.fr\/en\/wp-json\/wp\/v2\/product_brand?post=331"},{"taxonomy":"product_cat","embeddable":true,"href":"https:\/\/www.palladisgames.fr\/en\/wp-json\/wp\/v2\/product_cat?post=331"},{"taxonomy":"product_tag","embeddable":true,"href":"https:\/\/www.palladisgames.fr\/en\/wp-json\/wp\/v2\/product_tag?post=331"}],"curies":[{"name":"wp","href":"https:\/\/api.w.org\/{rel}","templated":true}]}}