{"id":329,"date":"2024-12-21T11:11:00","date_gmt":"2024-12-21T11:11:00","guid":{"rendered":"https:\/\/www.palladisgames.fr\/?post_type=product&#038;p=329"},"modified":"2025-11-17T20:47:23","modified_gmt":"2025-11-17T18:47:23","slug":"kintsugi","status":"publish","type":"product","link":"https:\/\/www.palladisgames.fr\/en\/product\/kintsugi\/","title":{"rendered":"Kintsugi"},"content":{"rendered":"<p>D\u00e9couvrez l\u2019art ancestral du kintsugi, une pratique japonaise o\u00f9 les c\u00e9ramiques bris\u00e9es sont restaur\u00e9es avec de la laque dor\u00e9e, apportant \u00e0 leurs cicatrices une beaut\u00e9 unique.<\/p>\n<p>En tant que Ma\u00eetre Artisan, vous r\u00e9unissez de pr\u00e9cieuses pi\u00e8ces pour votre collection. Le destin fera que certaines vont se briser \u2014 parfois sous l\u2019influence de vos adversaires.<br \/>\nMais si une c\u00e9ramique cass\u00e9e n\u2019a aucune valeur, une fois r\u00e9par\u00e9e \u00e0 l\u2019or, elle sera inestimable.<\/p>\n<p>\u00c0 vous de prendre les d\u00e9cisions pour bien g\u00e9rer votre collection et la faire briller de la mani\u00e8re la plus \u00e9tincelante.<\/p>\n\n    <div class=\"xs_social_share_widget xs_share_url after_content \t\tmain_content  wslu-style-1 wslu-share-box-shaped wslu-fill-colored wslu-none wslu-share-horizontal wslu-theme-font-no wslu-main_content\">\n\n\t\t\n        <ul>\n\t\t\t        <\/ul>\n    <\/div>","protected":false},"excerpt":{"rendered":"<p><img loading=\"lazy\" decoding=\"async\" class=\"size-medium wp-image-259\" src=\"https:\/\/www.palladisgames.fr\/wp-content\/uploads\/2025\/01\/Calque-2-copie-1-304x83-1-300x82.png\" alt=\"Kintsugi\" width=\"300\" height=\"82\" srcset=\"https:\/\/www.palladisgames.fr\/wp-content\/uploads\/2025\/01\/Calque-2-copie-1-304x83-1-300x82.png 300w, https:\/\/www.palladisgames.fr\/wp-content\/uploads\/2025\/01\/Calque-2-copie-1-304x83-1-18x5.png 18w, https:\/\/www.palladisgames.fr\/wp-content\/uploads\/2025\/01\/Calque-2-copie-1-304x83-1.png 304w\" sizes=\"auto, (max-width: 300px) 100vw, 300px\" \/><\/p>\n<p>D\u00e9couvrez l\u2019art ancestral du kintsugi, une pratique japonaise o\u00f9 les c\u00e9ramiques bris\u00e9es sont restaur\u00e9es avec de la laque dor\u00e9e, apportant \u00e0 leurs cicatrices une beaut\u00e9 unique.<\/p>","protected":false},"featured_media":491,"template":"","meta":{"_uag_custom_page_level_css":"","site-sidebar-layout":"default","site-content-layout":"","ast-site-content-layout":"default","site-content-style":"default","site-sidebar-style":"default","ast-global-header-display":"","ast-banner-title-visibility":"","ast-main-header-display":"","ast-hfb-above-header-display":"","ast-hfb-below-header-display":"","ast-hfb-mobile-header-display":"","site-post-title":"","ast-breadcrumbs-content":"disabled","ast-featured-img":"","footer-sml-layout":"","theme-transparent-header-meta":"default","adv-header-id-meta":"","stick-header-meta":"","header-above-stick-meta":"","header-main-stick-meta":"","header-below-stick-meta":"","astra-migrate-meta-layouts":"set","ast-page-background-enabled":"default","ast-page-background-meta":{"desktop":{"background-color":"var(--ast-global-color-5)","background-image":"","background-repeat":"repeat","background-position":"center center","background-size":"auto","background-attachment":"scroll","background-type":"","background-media":"","overlay-type":"","overlay-color":"","overlay-opacity":"","overlay-gradient":""},"tablet":{"background-color":"","background-image":"","background-repeat":"repeat","background-position":"center center","background-size":"auto","background-attachment":"scroll","background-type":"","background-media":"","overlay-type":"","overlay-color":"","overlay-opacity":"","overlay-gradient":""},"mobile":{"background-color":"","background-image":"","background-repeat":"repeat","background-position":"center center","background-size":"auto","background-attachment":"scroll","background-type":"","background-media":"","overlay-type":"","overlay-color":"","overlay-opacity":"","overlay-gradient":""}},"ast-content-background-meta":{"desktop":{"background-color":"var(--ast-global-color-4)","background-image":"","background-repeat":"repeat","background-position":"center center","background-size":"auto","background-attachment":"scroll","background-type":"","background-media":"","overlay-type":"","overlay-color":"","overlay-opacity":"","overlay-gradient":""},"tablet":{"background-color":"var(--ast-global-color-4)","background-image":"","background-repeat":"repeat","background-position":"center center","background-size":"auto","background-attachment":"scroll","background-type":"","background-media":"","overlay-type":"","overlay-color":"","overlay-opacity":"","overlay-gradient":""},"mobile":{"background-color":"var(--ast-global-color-4)","background-image":"","background-repeat":"repeat","background-position":"center center","background-size":"auto","background-attachment":"scroll","background-type":"","background-media":"","overlay-type":"","overlay-color":"","overlay-opacity":"","overlay-gradient":""}}},"product_brand":[],"product_cat":[34],"product_tag":[35,36,37,38],"class_list":{"0":"post-329","1":"product","2":"type-product","3":"status-publish","4":"has-post-thumbnail","6":"product_cat-nomade","7":"product_tag-35","8":"product_tag-36","9":"product_tag-collection","10":"product_tag-draft","11":"desktop-align-left","12":"tablet-align-left","13":"mobile-align-left","15":"first","16":"instock","17":"taxable","18":"shipping-taxable","19":"purchasable","20":"product-type-simple"},"yoast_head":"<!-- This site is optimized with the Yoast SEO plugin v27.1 - https:\/\/yoast.com\/product\/yoast-seo-wordpress\/ -->\n<title>Kintsugi - Palladis Games<\/title>\n<meta name=\"description\" content=\"D\u00e9couvrez l\u2019art ancestral du kintsugi, une pratique japonaise o\u00f9 les c\u00e9ramiques bris\u00e9es sont restaur\u00e9es avec de la laque dor\u00e9e.\" \/>\n<meta name=\"robots\" content=\"index, follow, max-snippet:-1, max-image-preview:large, max-video-preview:-1\" \/>\n<link rel=\"canonical\" href=\"https:\/\/www.palladisgames.fr\/en\/product\/kintsugi\/\" \/>\n<meta property=\"og:locale\" content=\"en_GB\" \/>\n<meta property=\"og:type\" content=\"article\" \/>\n<meta property=\"og:title\" content=\"Kintsugi - Palladis Games\" \/>\n<meta property=\"og:description\" content=\"D\u00e9couvrez l\u2019art ancestral du kintsugi, une pratique japonaise o\u00f9 les c\u00e9ramiques bris\u00e9es sont restaur\u00e9es avec de la laque dor\u00e9e.\" \/>\n<meta property=\"og:url\" content=\"https:\/\/www.palladisgames.fr\/en\/product\/kintsugi\/\" \/>\n<meta property=\"og:site_name\" content=\"Palladis Games\" \/>\n<meta property=\"article:publisher\" content=\"https:\/\/www.facebook.com\/palladisgames\/\" \/>\n<meta property=\"article:modified_time\" content=\"2025-11-17T18:47:23+00:00\" \/>\n<meta property=\"og:image\" content=\"https:\/\/www.palladisgames.fr\/wp-content\/uploads\/2025\/01\/kintsugi.png\" \/>\n\t<meta property=\"og:image:width\" content=\"500\" \/>\n\t<meta property=\"og:image:height\" content=\"500\" \/>\n\t<meta property=\"og:image:type\" content=\"image\/png\" \/>\n<meta name=\"twitter:card\" content=\"summary_large_image\" \/>\n<meta name=\"twitter:label1\" content=\"Estimated reading time\" \/>\n\t<meta name=\"twitter:data1\" content=\"1 minute\" \/>\n<script type=\"application\/ld+json\" class=\"yoast-schema-graph\">{\"@context\":\"https:\/\/schema.org\",\"@graph\":[{\"@type\":\"WebPage\",\"@id\":\"https:\/\/www.palladisgames.fr\/produit\/kintsugi\/\",\"url\":\"https:\/\/www.palladisgames.fr\/produit\/kintsugi\/\",\"name\":\"Kintsugi - Palladis Games\",\"isPartOf\":{\"@id\":\"https:\/\/www.palladisgames.fr\/#website\"},\"primaryImageOfPage\":{\"@id\":\"https:\/\/www.palladisgames.fr\/produit\/kintsugi\/#primaryimage\"},\"image\":{\"@id\":\"https:\/\/www.palladisgames.fr\/produit\/kintsugi\/#primaryimage\"},\"thumbnailUrl\":\"https:\/\/www.palladisgames.fr\/wp-content\/uploads\/2025\/01\/kintsugi.png\",\"datePublished\":\"2024-12-21T11:11:00+00:00\",\"dateModified\":\"2025-11-17T18:47:23+00:00\",\"description\":\"D\u00e9couvrez l\u2019art ancestral du kintsugi, une pratique japonaise o\u00f9 les c\u00e9ramiques bris\u00e9es sont restaur\u00e9es avec de la laque dor\u00e9e.\",\"breadcrumb\":{\"@id\":\"https:\/\/www.palladisgames.fr\/produit\/kintsugi\/#breadcrumb\"},\"inLanguage\":\"en-GB\",\"potentialAction\":[{\"@type\":\"ReadAction\",\"target\":[\"https:\/\/www.palladisgames.fr\/produit\/kintsugi\/\"]}]},{\"@type\":\"ImageObject\",\"inLanguage\":\"en-GB\",\"@id\":\"https:\/\/www.palladisgames.fr\/produit\/kintsugi\/#primaryimage\",\"url\":\"https:\/\/www.palladisgames.fr\/wp-content\/uploads\/2025\/01\/kintsugi.png\",\"contentUrl\":\"https:\/\/www.palladisgames.fr\/wp-content\/uploads\/2025\/01\/kintsugi.png\",\"width\":500,\"height\":500},{\"@type\":\"BreadcrumbList\",\"@id\":\"https:\/\/www.palladisgames.fr\/produit\/kintsugi\/#breadcrumb\",\"itemListElement\":[{\"@type\":\"ListItem\",\"position\":1,\"name\":\"Accueil\",\"item\":\"https:\/\/www.palladisgames.fr\/\"},{\"@type\":\"ListItem\",\"position\":2,\"name\":\"Boutique\",\"item\":\"https:\/\/www.palladisgames.fr\/boutique-2\/\"},{\"@type\":\"ListItem\",\"position\":3,\"name\":\"Kintsugi\"}]},{\"@type\":\"WebSite\",\"@id\":\"https:\/\/www.palladisgames.fr\/#website\",\"url\":\"https:\/\/www.palladisgames.fr\/\",\"name\":\"Palladis Games\",\"description\":\"Le jeu par nature\",\"publisher\":{\"@id\":\"https:\/\/www.palladisgames.fr\/#organization\"},\"potentialAction\":[{\"@type\":\"SearchAction\",\"target\":{\"@type\":\"EntryPoint\",\"urlTemplate\":\"https:\/\/www.palladisgames.fr\/?s={search_term_string}\"},\"query-input\":{\"@type\":\"PropertyValueSpecification\",\"valueRequired\":true,\"valueName\":\"search_term_string\"}}],\"inLanguage\":\"en-GB\"},{\"@type\":\"Organization\",\"@id\":\"https:\/\/www.palladisgames.fr\/#organization\",\"name\":\"Palladis Games\",\"url\":\"https:\/\/www.palladisgames.fr\/\",\"logo\":{\"@type\":\"ImageObject\",\"inLanguage\":\"en-GB\",\"@id\":\"https:\/\/www.palladisgames.fr\/#\/schema\/logo\/image\/\",\"url\":\"https:\/\/www.palladisgames.fr\/wp-content\/uploads\/2023\/07\/logo-small.png\",\"contentUrl\":\"https:\/\/www.palladisgames.fr\/wp-content\/uploads\/2023\/07\/logo-small.png\",\"width\":132,\"height\":37,\"caption\":\"Palladis Games\"},\"image\":{\"@id\":\"https:\/\/www.palladisgames.fr\/#\/schema\/logo\/image\/\"},\"sameAs\":[\"https:\/\/www.facebook.com\/palladisgames\/\"]}]}<\/script>\n<!-- \/ Yoast SEO plugin. -->","yoast_head_json":{"title":"Kintsugi - Palladis Games","description":"D\u00e9couvrez l\u2019art ancestral du kintsugi, une pratique japonaise o\u00f9 les c\u00e9ramiques bris\u00e9es sont restaur\u00e9es avec de la laque dor\u00e9e.","robots":{"index":"index","follow":"follow","max-snippet":"max-snippet:-1","max-image-preview":"max-image-preview:large","max-video-preview":"max-video-preview:-1"},"canonical":"https:\/\/www.palladisgames.fr\/en\/product\/kintsugi\/","og_locale":"en_GB","og_type":"article","og_title":"Kintsugi - Palladis Games","og_description":"D\u00e9couvrez l\u2019art ancestral du kintsugi, une pratique japonaise o\u00f9 les c\u00e9ramiques bris\u00e9es sont restaur\u00e9es avec de la laque dor\u00e9e.","og_url":"https:\/\/www.palladisgames.fr\/en\/product\/kintsugi\/","og_site_name":"Palladis Games","article_publisher":"https:\/\/www.facebook.com\/palladisgames\/","article_modified_time":"2025-11-17T18:47:23+00:00","og_image":[{"width":500,"height":500,"url":"https:\/\/www.palladisgames.fr\/wp-content\/uploads\/2025\/01\/kintsugi.png","type":"image\/png"}],"twitter_card":"summary_large_image","twitter_misc":{"Estimated reading time":"1 minute"},"schema":{"@context":"https:\/\/schema.org","@graph":[{"@type":"WebPage","@id":"https:\/\/www.palladisgames.fr\/produit\/kintsugi\/","url":"https:\/\/www.palladisgames.fr\/produit\/kintsugi\/","name":"Kintsugi - Palladis Games","isPartOf":{"@id":"https:\/\/www.palladisgames.fr\/#website"},"primaryImageOfPage":{"@id":"https:\/\/www.palladisgames.fr\/produit\/kintsugi\/#primaryimage"},"image":{"@id":"https:\/\/www.palladisgames.fr\/produit\/kintsugi\/#primaryimage"},"thumbnailUrl":"https:\/\/www.palladisgames.fr\/wp-content\/uploads\/2025\/01\/kintsugi.png","datePublished":"2024-12-21T11:11:00+00:00","dateModified":"2025-11-17T18:47:23+00:00","description":"D\u00e9couvrez l\u2019art ancestral du kintsugi, une pratique japonaise o\u00f9 les c\u00e9ramiques bris\u00e9es sont restaur\u00e9es avec de la laque dor\u00e9e.","breadcrumb":{"@id":"https:\/\/www.palladisgames.fr\/produit\/kintsugi\/#breadcrumb"},"inLanguage":"en-GB","potentialAction":[{"@type":"ReadAction","target":["https:\/\/www.palladisgames.fr\/produit\/kintsugi\/"]}]},{"@type":"ImageObject","inLanguage":"en-GB","@id":"https:\/\/www.palladisgames.fr\/produit\/kintsugi\/#primaryimage","url":"https:\/\/www.palladisgames.fr\/wp-content\/uploads\/2025\/01\/kintsugi.png","contentUrl":"https:\/\/www.palladisgames.fr\/wp-content\/uploads\/2025\/01\/kintsugi.png","width":500,"height":500},{"@type":"BreadcrumbList","@id":"https:\/\/www.palladisgames.fr\/produit\/kintsugi\/#breadcrumb","itemListElement":[{"@type":"ListItem","position":1,"name":"Accueil","item":"https:\/\/www.palladisgames.fr\/"},{"@type":"ListItem","position":2,"name":"Boutique","item":"https:\/\/www.palladisgames.fr\/boutique-2\/"},{"@type":"ListItem","position":3,"name":"Kintsugi"}]},{"@type":"WebSite","@id":"https:\/\/www.palladisgames.fr\/#website","url":"https:\/\/www.palladisgames.fr\/","name":"Palladis Games","description":"Le jeu par nature","publisher":{"@id":"https:\/\/www.palladisgames.fr\/#organization"},"potentialAction":[{"@type":"SearchAction","target":{"@type":"EntryPoint","urlTemplate":"https:\/\/www.palladisgames.fr\/?s={search_term_string}"},"query-input":{"@type":"PropertyValueSpecification","valueRequired":true,"valueName":"search_term_string"}}],"inLanguage":"en-GB"},{"@type":"Organization","@id":"https:\/\/www.palladisgames.fr\/#organization","name":"Palladis Games","url":"https:\/\/www.palladisgames.fr\/","logo":{"@type":"ImageObject","inLanguage":"en-GB","@id":"https:\/\/www.palladisgames.fr\/#\/schema\/logo\/image\/","url":"https:\/\/www.palladisgames.fr\/wp-content\/uploads\/2023\/07\/logo-small.png","contentUrl":"https:\/\/www.palladisgames.fr\/wp-content\/uploads\/2023\/07\/logo-small.png","width":132,"height":37,"caption":"Palladis Games"},"image":{"@id":"https:\/\/www.palladisgames.fr\/#\/schema\/logo\/image\/"},"sameAs":["https:\/\/www.facebook.com\/palladisgames\/"]}]}},"uagb_featured_image_src":{"full":["https:\/\/www.palladisgames.fr\/wp-content\/uploads\/2025\/01\/kintsugi.png",500,500,false],"thumbnail":["https:\/\/www.palladisgames.fr\/wp-content\/uploads\/2025\/01\/kintsugi-150x150.png",150,150,true],"medium":["https:\/\/www.palladisgames.fr\/wp-content\/uploads\/2025\/01\/kintsugi-300x300.png",300,300,true],"medium_large":["https:\/\/www.palladisgames.fr\/wp-content\/uploads\/2025\/01\/kintsugi.png",500,500,false],"large":["https:\/\/www.palladisgames.fr\/wp-content\/uploads\/2025\/01\/kintsugi.png",500,500,false],"1536x1536":["https:\/\/www.palladisgames.fr\/wp-content\/uploads\/2025\/01\/kintsugi.png",500,500,false],"2048x2048":["https:\/\/www.palladisgames.fr\/wp-content\/uploads\/2025\/01\/kintsugi.png",500,500,false],"trp-custom-language-flag":["https:\/\/www.palladisgames.fr\/wp-content\/uploads\/2025\/01\/kintsugi-12x12.png",12,12,true],"woocommerce_thumbnail":["https:\/\/www.palladisgames.fr\/wp-content\/uploads\/2025\/01\/kintsugi-300x225.png",300,225,true],"woocommerce_single":["https:\/\/www.palladisgames.fr\/wp-content\/uploads\/2025\/01\/kintsugi.png",500,500,false],"woocommerce_gallery_thumbnail":["https:\/\/www.palladisgames.fr\/wp-content\/uploads\/2025\/01\/kintsugi-100x100.png",100,100,true]},"uagb_author_info":{"display_name":"Eric","author_link":"https:\/\/www.palladisgames.fr\/en\/author\/"},"uagb_comment_info":0,"uagb_excerpt":"D\u00e9couvrez l\u2019art ancestral du kintsugi, une pratique japonaise o\u00f9 les c\u00e9ramiques bris\u00e9es sont restaur\u00e9es avec de la laque dor\u00e9e, apportant \u00e0 leurs cicatrices une beaut\u00e9 unique.","_links":{"self":[{"href":"https:\/\/www.palladisgames.fr\/en\/wp-json\/wp\/v2\/product\/329","targetHints":{"allow":["GET"]}}],"collection":[{"href":"https:\/\/www.palladisgames.fr\/en\/wp-json\/wp\/v2\/product"}],"about":[{"href":"https:\/\/www.palladisgames.fr\/en\/wp-json\/wp\/v2\/types\/product"}],"wp:featuredmedia":[{"embeddable":true,"href":"https:\/\/www.palladisgames.fr\/en\/wp-json\/wp\/v2\/media\/491"}],"wp:attachment":[{"href":"https:\/\/www.palladisgames.fr\/en\/wp-json\/wp\/v2\/media?parent=329"}],"wp:term":[{"taxonomy":"product_brand","embeddable":true,"href":"https:\/\/www.palladisgames.fr\/en\/wp-json\/wp\/v2\/product_brand?post=329"},{"taxonomy":"product_cat","embeddable":true,"href":"https:\/\/www.palladisgames.fr\/en\/wp-json\/wp\/v2\/product_cat?post=329"},{"taxonomy":"product_tag","embeddable":true,"href":"https:\/\/www.palladisgames.fr\/en\/wp-json\/wp\/v2\/product_tag?post=329"}],"curies":[{"name":"wp","href":"https:\/\/api.w.org\/{rel}","templated":true}]}}