{"id":326,"date":"2024-12-21T11:10:58","date_gmt":"2024-12-21T11:10:58","guid":{"rendered":"https:\/\/www.palladisgames.fr\/?post_type=product&#038;p=326"},"modified":"2025-11-17T20:06:04","modified_gmt":"2025-11-17T18:06:04","slug":"biotopes","status":"publish","type":"product","link":"https:\/\/www.palladisgames.fr\/en\/product\/biotopes\/","title":{"rendered":"Biotopes"},"content":{"rendered":"<p>Dans BIOTOPES, d\u00e9veloppez votre \u00e9cosyst\u00e8me en colonisant des espaces naturels et en attirant des esp\u00e8ces animales. Combattez les autres joueurs pour pr\u00e9server votre espace vital. Vos esp\u00e8ces vont se d\u00e9placer, lutter, se reproduire et mourir, puis donner naissance \u00e0 de nouvelles g\u00e9n\u00e9rations.<\/p>\n<p>Dans chaque partie, vous allez simuler le grand cercle du vivant. En tant que joueurs, cr\u00e9ez l\u2019\u00e9cosyst\u00e8me le plus complexe et r\u00e9silient. Rechercherez-vous l\u2019harmonie entre \u00e9cosyst\u00e8mes voisins ou viserez-vous le sommet de la cha\u00eene alimentaire ? C\u2019est \u00e0 vous de d\u00e9cider.<\/p>\n\n    <div class=\"xs_social_share_widget xs_share_url after_content \t\tmain_content  wslu-style-1 wslu-share-box-shaped wslu-fill-colored wslu-none wslu-share-horizontal wslu-theme-font-no wslu-main_content\">\n\n\t\t\n        <ul>\n\t\t\t        <\/ul>\n    <\/div>","protected":false},"excerpt":{"rendered":"<p><img loading=\"lazy\" decoding=\"async\" class=\"size-medium wp-image-93\" style=\"font-style: inherit; font-weight: 600;\" src=\"https:\/\/www.palladisgames.fr\/wp-content\/uploads\/2023\/07\/biotopes-300x49.png\" alt=\"biotopes\" width=\"300\" height=\"49\" srcset=\"https:\/\/www.palladisgames.fr\/wp-content\/uploads\/2023\/07\/biotopes-300x49.png 300w, https:\/\/www.palladisgames.fr\/wp-content\/uploads\/2023\/07\/biotopes.png 363w\" sizes=\"auto, (max-width: 300px) 100vw, 300px\" \/><\/p>\n<p>Dans BIOTOPES, d\u00e9veloppez votre \u00e9cosyst\u00e8me, colonisez des espaces naturels en attirant des esp\u00e8ces animales.<\/p>","protected":false},"featured_media":257,"template":"","meta":{"_uag_custom_page_level_css":"","site-sidebar-layout":"default","site-content-layout":"","ast-site-content-layout":"default","site-content-style":"default","site-sidebar-style":"default","ast-global-header-display":"","ast-banner-title-visibility":"","ast-main-header-display":"","ast-hfb-above-header-display":"","ast-hfb-below-header-display":"","ast-hfb-mobile-header-display":"","site-post-title":"","ast-breadcrumbs-content":"","ast-featured-img":"","footer-sml-layout":"","theme-transparent-header-meta":"default","adv-header-id-meta":"","stick-header-meta":"","header-above-stick-meta":"","header-main-stick-meta":"","header-below-stick-meta":"","astra-migrate-meta-layouts":"set","ast-page-background-enabled":"default","ast-page-background-meta":{"desktop":{"background-color":"var(--ast-global-color-5)","background-image":"","background-repeat":"repeat","background-position":"center center","background-size":"auto","background-attachment":"scroll","background-type":"","background-media":"","overlay-type":"","overlay-color":"","overlay-opacity":"","overlay-gradient":""},"tablet":{"background-color":"","background-image":"","background-repeat":"repeat","background-position":"center center","background-size":"auto","background-attachment":"scroll","background-type":"","background-media":"","overlay-type":"","overlay-color":"","overlay-opacity":"","overlay-gradient":""},"mobile":{"background-color":"","background-image":"","background-repeat":"repeat","background-position":"center center","background-size":"auto","background-attachment":"scroll","background-type":"","background-media":"","overlay-type":"","overlay-color":"","overlay-opacity":"","overlay-gradient":""}},"ast-content-background-meta":{"desktop":{"background-color":"var(--ast-global-color-4)","background-image":"","background-repeat":"repeat","background-position":"center center","background-size":"auto","background-attachment":"scroll","background-type":"","background-media":"","overlay-type":"","overlay-color":"","overlay-opacity":"","overlay-gradient":""},"tablet":{"background-color":"var(--ast-global-color-4)","background-image":"","background-repeat":"repeat","background-position":"center center","background-size":"auto","background-attachment":"scroll","background-type":"","background-media":"","overlay-type":"","overlay-color":"","overlay-opacity":"","overlay-gradient":""},"mobile":{"background-color":"var(--ast-global-color-4)","background-image":"","background-repeat":"repeat","background-position":"center center","background-size":"auto","background-attachment":"scroll","background-type":"","background-media":"","overlay-type":"","overlay-color":"","overlay-opacity":"","overlay-gradient":""}}},"product_brand":[51],"product_cat":[28],"product_tag":[29,30,31,32,33],"class_list":{"0":"post-326","1":"product","2":"type-product","3":"status-publish","4":"has-post-thumbnail","6":"product_brand-palladis-games","7":"product_cat-premium","8":"product_tag-29","9":"product_tag-30","10":"product_tag-bag-building","11":"product_tag-construction-de-moteur","12":"product_tag-controle-de-territoires","13":"desktop-align-left","14":"tablet-align-left","15":"mobile-align-left","17":"first","18":"outofstock","19":"taxable","20":"shipping-taxable","21":"purchasable","22":"product-type-simple"},"yoast_head":"<!-- This site is optimized with the Yoast SEO plugin v27.1 - https:\/\/yoast.com\/product\/yoast-seo-wordpress\/ -->\n<title>Biotopes - Palladis Games<\/title>\n<meta name=\"description\" content=\"Dans BIOTOPES, d\u00e9veloppez votre \u00e9cosyst\u00e8me, colonisez des espaces naturels en attirant des esp\u00e8ces animales.\" \/>\n<meta name=\"robots\" content=\"index, follow, max-snippet:-1, max-image-preview:large, max-video-preview:-1\" \/>\n<link rel=\"canonical\" href=\"https:\/\/www.palladisgames.fr\/en\/product\/biotopes\/\" \/>\n<meta property=\"og:locale\" content=\"en_GB\" \/>\n<meta property=\"og:type\" content=\"article\" \/>\n<meta property=\"og:title\" content=\"Biotopes - Palladis Games\" \/>\n<meta property=\"og:description\" content=\"Dans BIOTOPES, d\u00e9veloppez votre \u00e9cosyst\u00e8me, colonisez des espaces naturels en attirant des esp\u00e8ces animales.\" \/>\n<meta property=\"og:url\" content=\"https:\/\/www.palladisgames.fr\/en\/product\/biotopes\/\" \/>\n<meta property=\"og:site_name\" content=\"Palladis Games\" \/>\n<meta property=\"article:publisher\" content=\"https:\/\/www.facebook.com\/palladisgames\/\" \/>\n<meta property=\"article:modified_time\" content=\"2025-11-17T18:06:04+00:00\" \/>\n<meta property=\"og:image\" content=\"https:\/\/www.palladisgames.fr\/wp-content\/uploads\/2025\/01\/Sans-titre-4.png\" \/>\n\t<meta property=\"og:image:width\" content=\"500\" \/>\n\t<meta property=\"og:image:height\" content=\"500\" \/>\n\t<meta property=\"og:image:type\" content=\"image\/png\" \/>\n<meta name=\"twitter:card\" content=\"summary_large_image\" \/>\n<meta name=\"twitter:label1\" content=\"Estimated reading time\" \/>\n\t<meta name=\"twitter:data1\" content=\"1 minute\" \/>\n<script type=\"application\/ld+json\" class=\"yoast-schema-graph\">{\"@context\":\"https:\/\/schema.org\",\"@graph\":[{\"@type\":\"WebPage\",\"@id\":\"https:\/\/www.palladisgames.fr\/produit\/biotopes\/\",\"url\":\"https:\/\/www.palladisgames.fr\/produit\/biotopes\/\",\"name\":\"Biotopes - Palladis Games\",\"isPartOf\":{\"@id\":\"https:\/\/www.palladisgames.fr\/#website\"},\"primaryImageOfPage\":{\"@id\":\"https:\/\/www.palladisgames.fr\/produit\/biotopes\/#primaryimage\"},\"image\":{\"@id\":\"https:\/\/www.palladisgames.fr\/produit\/biotopes\/#primaryimage\"},\"thumbnailUrl\":\"https:\/\/www.palladisgames.fr\/wp-content\/uploads\/2025\/01\/Sans-titre-4.png\",\"datePublished\":\"2024-12-21T11:10:58+00:00\",\"dateModified\":\"2025-11-17T18:06:04+00:00\",\"description\":\"Dans BIOTOPES, d\u00e9veloppez votre \u00e9cosyst\u00e8me, colonisez des espaces naturels en attirant des esp\u00e8ces animales.\",\"breadcrumb\":{\"@id\":\"https:\/\/www.palladisgames.fr\/produit\/biotopes\/#breadcrumb\"},\"inLanguage\":\"en-GB\",\"potentialAction\":[{\"@type\":\"ReadAction\",\"target\":[\"https:\/\/www.palladisgames.fr\/produit\/biotopes\/\"]}]},{\"@type\":\"ImageObject\",\"inLanguage\":\"en-GB\",\"@id\":\"https:\/\/www.palladisgames.fr\/produit\/biotopes\/#primaryimage\",\"url\":\"https:\/\/www.palladisgames.fr\/wp-content\/uploads\/2025\/01\/Sans-titre-4.png\",\"contentUrl\":\"https:\/\/www.palladisgames.fr\/wp-content\/uploads\/2025\/01\/Sans-titre-4.png\",\"width\":500,\"height\":500,\"caption\":\"Biotopes\"},{\"@type\":\"BreadcrumbList\",\"@id\":\"https:\/\/www.palladisgames.fr\/produit\/biotopes\/#breadcrumb\",\"itemListElement\":[{\"@type\":\"ListItem\",\"position\":1,\"name\":\"Accueil\",\"item\":\"https:\/\/www.palladisgames.fr\/\"},{\"@type\":\"ListItem\",\"position\":2,\"name\":\"Boutique\",\"item\":\"https:\/\/www.palladisgames.fr\/boutique-2\/\"},{\"@type\":\"ListItem\",\"position\":3,\"name\":\"Biotopes\"}]},{\"@type\":\"WebSite\",\"@id\":\"https:\/\/www.palladisgames.fr\/#website\",\"url\":\"https:\/\/www.palladisgames.fr\/\",\"name\":\"Palladis Games\",\"description\":\"Le jeu par nature\",\"publisher\":{\"@id\":\"https:\/\/www.palladisgames.fr\/#organization\"},\"potentialAction\":[{\"@type\":\"SearchAction\",\"target\":{\"@type\":\"EntryPoint\",\"urlTemplate\":\"https:\/\/www.palladisgames.fr\/?s={search_term_string}\"},\"query-input\":{\"@type\":\"PropertyValueSpecification\",\"valueRequired\":true,\"valueName\":\"search_term_string\"}}],\"inLanguage\":\"en-GB\"},{\"@type\":\"Organization\",\"@id\":\"https:\/\/www.palladisgames.fr\/#organization\",\"name\":\"Palladis Games\",\"url\":\"https:\/\/www.palladisgames.fr\/\",\"logo\":{\"@type\":\"ImageObject\",\"inLanguage\":\"en-GB\",\"@id\":\"https:\/\/www.palladisgames.fr\/#\/schema\/logo\/image\/\",\"url\":\"https:\/\/www.palladisgames.fr\/wp-content\/uploads\/2023\/07\/logo-small.png\",\"contentUrl\":\"https:\/\/www.palladisgames.fr\/wp-content\/uploads\/2023\/07\/logo-small.png\",\"width\":132,\"height\":37,\"caption\":\"Palladis Games\"},\"image\":{\"@id\":\"https:\/\/www.palladisgames.fr\/#\/schema\/logo\/image\/\"},\"sameAs\":[\"https:\/\/www.facebook.com\/palladisgames\/\"]}]}<\/script>\n<!-- \/ Yoast SEO plugin. -->","yoast_head_json":{"title":"Biotopes - Palladis Games","description":"Dans BIOTOPES, d\u00e9veloppez votre \u00e9cosyst\u00e8me, colonisez des espaces naturels en attirant des esp\u00e8ces animales.","robots":{"index":"index","follow":"follow","max-snippet":"max-snippet:-1","max-image-preview":"max-image-preview:large","max-video-preview":"max-video-preview:-1"},"canonical":"https:\/\/www.palladisgames.fr\/en\/product\/biotopes\/","og_locale":"en_GB","og_type":"article","og_title":"Biotopes - Palladis Games","og_description":"Dans BIOTOPES, d\u00e9veloppez votre \u00e9cosyst\u00e8me, colonisez des espaces naturels en attirant des esp\u00e8ces animales.","og_url":"https:\/\/www.palladisgames.fr\/en\/product\/biotopes\/","og_site_name":"Palladis Games","article_publisher":"https:\/\/www.facebook.com\/palladisgames\/","article_modified_time":"2025-11-17T18:06:04+00:00","og_image":[{"width":500,"height":500,"url":"https:\/\/www.palladisgames.fr\/wp-content\/uploads\/2025\/01\/Sans-titre-4.png","type":"image\/png"}],"twitter_card":"summary_large_image","twitter_misc":{"Estimated reading time":"1 minute"},"schema":{"@context":"https:\/\/schema.org","@graph":[{"@type":"WebPage","@id":"https:\/\/www.palladisgames.fr\/produit\/biotopes\/","url":"https:\/\/www.palladisgames.fr\/produit\/biotopes\/","name":"Biotopes - Palladis Games","isPartOf":{"@id":"https:\/\/www.palladisgames.fr\/#website"},"primaryImageOfPage":{"@id":"https:\/\/www.palladisgames.fr\/produit\/biotopes\/#primaryimage"},"image":{"@id":"https:\/\/www.palladisgames.fr\/produit\/biotopes\/#primaryimage"},"thumbnailUrl":"https:\/\/www.palladisgames.fr\/wp-content\/uploads\/2025\/01\/Sans-titre-4.png","datePublished":"2024-12-21T11:10:58+00:00","dateModified":"2025-11-17T18:06:04+00:00","description":"Dans BIOTOPES, d\u00e9veloppez votre \u00e9cosyst\u00e8me, colonisez des espaces naturels en attirant des esp\u00e8ces animales.","breadcrumb":{"@id":"https:\/\/www.palladisgames.fr\/produit\/biotopes\/#breadcrumb"},"inLanguage":"en-GB","potentialAction":[{"@type":"ReadAction","target":["https:\/\/www.palladisgames.fr\/produit\/biotopes\/"]}]},{"@type":"ImageObject","inLanguage":"en-GB","@id":"https:\/\/www.palladisgames.fr\/produit\/biotopes\/#primaryimage","url":"https:\/\/www.palladisgames.fr\/wp-content\/uploads\/2025\/01\/Sans-titre-4.png","contentUrl":"https:\/\/www.palladisgames.fr\/wp-content\/uploads\/2025\/01\/Sans-titre-4.png","width":500,"height":500,"caption":"Biotopes"},{"@type":"BreadcrumbList","@id":"https:\/\/www.palladisgames.fr\/produit\/biotopes\/#breadcrumb","itemListElement":[{"@type":"ListItem","position":1,"name":"Accueil","item":"https:\/\/www.palladisgames.fr\/"},{"@type":"ListItem","position":2,"name":"Boutique","item":"https:\/\/www.palladisgames.fr\/boutique-2\/"},{"@type":"ListItem","position":3,"name":"Biotopes"}]},{"@type":"WebSite","@id":"https:\/\/www.palladisgames.fr\/#website","url":"https:\/\/www.palladisgames.fr\/","name":"Palladis Games","description":"Le jeu par nature","publisher":{"@id":"https:\/\/www.palladisgames.fr\/#organization"},"potentialAction":[{"@type":"SearchAction","target":{"@type":"EntryPoint","urlTemplate":"https:\/\/www.palladisgames.fr\/?s={search_term_string}"},"query-input":{"@type":"PropertyValueSpecification","valueRequired":true,"valueName":"search_term_string"}}],"inLanguage":"en-GB"},{"@type":"Organization","@id":"https:\/\/www.palladisgames.fr\/#organization","name":"Palladis Games","url":"https:\/\/www.palladisgames.fr\/","logo":{"@type":"ImageObject","inLanguage":"en-GB","@id":"https:\/\/www.palladisgames.fr\/#\/schema\/logo\/image\/","url":"https:\/\/www.palladisgames.fr\/wp-content\/uploads\/2023\/07\/logo-small.png","contentUrl":"https:\/\/www.palladisgames.fr\/wp-content\/uploads\/2023\/07\/logo-small.png","width":132,"height":37,"caption":"Palladis Games"},"image":{"@id":"https:\/\/www.palladisgames.fr\/#\/schema\/logo\/image\/"},"sameAs":["https:\/\/www.facebook.com\/palladisgames\/"]}]}},"uagb_featured_image_src":{"full":["https:\/\/www.palladisgames.fr\/wp-content\/uploads\/2025\/01\/Sans-titre-4.png",500,500,false],"thumbnail":["https:\/\/www.palladisgames.fr\/wp-content\/uploads\/2025\/01\/Sans-titre-4-150x150.png",150,150,true],"medium":["https:\/\/www.palladisgames.fr\/wp-content\/uploads\/2025\/01\/Sans-titre-4-300x300.png",300,300,true],"medium_large":["https:\/\/www.palladisgames.fr\/wp-content\/uploads\/2025\/01\/Sans-titre-4.png",500,500,false],"large":["https:\/\/www.palladisgames.fr\/wp-content\/uploads\/2025\/01\/Sans-titre-4.png",500,500,false],"1536x1536":["https:\/\/www.palladisgames.fr\/wp-content\/uploads\/2025\/01\/Sans-titre-4.png",500,500,false],"2048x2048":["https:\/\/www.palladisgames.fr\/wp-content\/uploads\/2025\/01\/Sans-titre-4.png",500,500,false],"trp-custom-language-flag":["https:\/\/www.palladisgames.fr\/wp-content\/uploads\/2025\/01\/Sans-titre-4-12x12.png",12,12,true],"woocommerce_thumbnail":["https:\/\/www.palladisgames.fr\/wp-content\/uploads\/2025\/01\/Sans-titre-4-300x225.png",300,225,true],"woocommerce_single":["https:\/\/www.palladisgames.fr\/wp-content\/uploads\/2025\/01\/Sans-titre-4.png",500,500,false],"woocommerce_gallery_thumbnail":["https:\/\/www.palladisgames.fr\/wp-content\/uploads\/2025\/01\/Sans-titre-4-100x100.png",100,100,true]},"uagb_author_info":{"display_name":"Eric","author_link":"https:\/\/www.palladisgames.fr\/en\/author\/"},"uagb_comment_info":0,"uagb_excerpt":"Dans BIOTOPES, d\u00e9veloppez votre \u00e9cosyst\u00e8me, colonisez des espaces naturels en attirant des esp\u00e8ces animales.","_links":{"self":[{"href":"https:\/\/www.palladisgames.fr\/en\/wp-json\/wp\/v2\/product\/326","targetHints":{"allow":["GET"]}}],"collection":[{"href":"https:\/\/www.palladisgames.fr\/en\/wp-json\/wp\/v2\/product"}],"about":[{"href":"https:\/\/www.palladisgames.fr\/en\/wp-json\/wp\/v2\/types\/product"}],"wp:featuredmedia":[{"embeddable":true,"href":"https:\/\/www.palladisgames.fr\/en\/wp-json\/wp\/v2\/media\/257"}],"wp:attachment":[{"href":"https:\/\/www.palladisgames.fr\/en\/wp-json\/wp\/v2\/media?parent=326"}],"wp:term":[{"taxonomy":"product_brand","embeddable":true,"href":"https:\/\/www.palladisgames.fr\/en\/wp-json\/wp\/v2\/product_brand?post=326"},{"taxonomy":"product_cat","embeddable":true,"href":"https:\/\/www.palladisgames.fr\/en\/wp-json\/wp\/v2\/product_cat?post=326"},{"taxonomy":"product_tag","embeddable":true,"href":"https:\/\/www.palladisgames.fr\/en\/wp-json\/wp\/v2\/product_tag?post=326"}],"curies":[{"name":"wp","href":"https:\/\/api.w.org\/{rel}","templated":true}]}}