{"id":1890,"date":"2025-12-10T11:20:00","date_gmt":"2025-12-10T09:20:00","guid":{"rendered":"https:\/\/www.palladisgames.fr\/?post_type=product&#038;p=1890"},"modified":"2025-12-10T11:22:27","modified_gmt":"2025-12-10T09:22:27","slug":"all-star-draft-pack-noel","status":"publish","type":"product","link":"https:\/\/www.palladisgames.fr\/en\/product\/all-star-draft-pack-noel\/","title":{"rendered":"All-Star Draft Pack No\u00ebl"},"content":{"rendered":"<p>All-Star Draft est un jeu de cartes dans lequel 2 \u00e0 6 joueurs participent \u00e0 un tournoi de hockey sur glace en tant que manager d&#8217;une \u00e9quipe. Vous choisissez des entra\u00eeneurs aux capacit\u00e9s uniques, vous participez \u00e0 la saison r\u00e9guli\u00e8re et enfin aux s\u00e9ries \u00e9liminatoires. Vous recrutez des joueurs de hockey, formez de nouvelles \u00e9quipes et les envoyez dans diff\u00e9rents stades. Lors des s\u00e9ries \u00e9liminatoires, le suspense devient insoutenable car chaque tour se d\u00e9roule selon un syst\u00e8me d&#8217;\u00e9limination directe jusqu&#8217;\u00e0 ce qu&#8217;il ne reste plus qu&#8217;une seule \u00e9quipe &#8211; le vainqueur des s\u00e9ries \u00e9liminatoires. L&#8217;\u00e9quipe qui aura le plus de fans \u00e0 la fin du tournoi remportera le tournoi et la prestigieuse All-Star Cup.<\/p>\n<p>Avec ce pack, ajoutez le goodie &#8220;Team Harfang&#8221; pour apporter une chouette petite touche \u00e0 vos parties !<br \/>\nOffre valable jusqu&#8217;au 10 janvier.<\/p>\n\n    <div class=\"xs_social_share_widget xs_share_url after_content \t\tmain_content  wslu-style-1 wslu-share-box-shaped wslu-fill-colored wslu-none wslu-share-horizontal wslu-theme-font-no wslu-main_content\">\n\n\t\t\n        <ul>\n\t\t\t        <\/ul>\n    <\/div>","protected":false},"excerpt":{"rendered":"<p>Ne soyez pas frileux ! Faites vos preuves en tant que manager en s\u00e9lectionnant les meilleurs joueurs et en les envoyant \u00e0 la Coupe des \u00e9toiles de cette ann\u00e9e.<\/p>\n<p>N&#8217;oubliez pas qu&#8217;une \u00e9quipe bien coordonn\u00e9e attire plus de fans !<br \/>\nVous patinez sur une glace fine, car ceux qui perdent seront \u00e9limin\u00e9s les premiers !<\/p>\n<p>Avec ce pack, ajoutez le goodie &#8220;Team Harfang&#8221; pour apporter une chouette petite touche \u00e0 vos parties !<br \/>\nOffre valable jusqu&#8217;au 10 janvier.<\/p>","protected":false},"featured_media":1891,"template":"","meta":{"_uag_custom_page_level_css":"","site-sidebar-layout":"default","site-content-layout":"","ast-site-content-layout":"default","site-content-style":"default","site-sidebar-style":"default","ast-global-header-display":"","ast-banner-title-visibility":"","ast-main-header-display":"","ast-hfb-above-header-display":"","ast-hfb-below-header-display":"","ast-hfb-mobile-header-display":"","site-post-title":"","ast-breadcrumbs-content":"","ast-featured-img":"","footer-sml-layout":"","theme-transparent-header-meta":"default","adv-header-id-meta":"","stick-header-meta":"","header-above-stick-meta":"","header-main-stick-meta":"","header-below-stick-meta":"","astra-migrate-meta-layouts":"set","ast-page-background-enabled":"default","ast-page-background-meta":{"desktop":{"background-color":"var(--ast-global-color-5)","background-image":"","background-repeat":"repeat","background-position":"center center","background-size":"auto","background-attachment":"scroll","background-type":"","background-media":"","overlay-type":"","overlay-color":"","overlay-opacity":"","overlay-gradient":""},"tablet":{"background-color":"","background-image":"","background-repeat":"repeat","background-position":"center center","background-size":"auto","background-attachment":"scroll","background-type":"","background-media":"","overlay-type":"","overlay-color":"","overlay-opacity":"","overlay-gradient":""},"mobile":{"background-color":"","background-image":"","background-repeat":"repeat","background-position":"center center","background-size":"auto","background-attachment":"scroll","background-type":"","background-media":"","overlay-type":"","overlay-color":"","overlay-opacity":"","overlay-gradient":""}},"ast-content-background-meta":{"desktop":{"background-color":"var(--ast-global-color-4)","background-image":"","background-repeat":"repeat","background-position":"center center","background-size":"auto","background-attachment":"scroll","background-type":"","background-media":"","overlay-type":"","overlay-color":"","overlay-opacity":"","overlay-gradient":""},"tablet":{"background-color":"var(--ast-global-color-4)","background-image":"","background-repeat":"repeat","background-position":"center center","background-size":"auto","background-attachment":"scroll","background-type":"","background-media":"","overlay-type":"","overlay-color":"","overlay-opacity":"","overlay-gradient":""},"mobile":{"background-color":"var(--ast-global-color-4)","background-image":"","background-repeat":"repeat","background-position":"center center","background-size":"auto","background-attachment":"scroll","background-type":"","background-media":"","overlay-type":"","overlay-color":"","overlay-opacity":"","overlay-gradient":""}}},"product_brand":[52,51],"product_cat":[41],"product_tag":[35,42,37,38,43],"class_list":{"0":"post-1890","1":"product","2":"type-product","3":"status-publish","4":"has-post-thumbnail","6":"product_brand-all-star-draft","7":"product_brand-palladis-games","8":"product_cat-decouverte","9":"product_tag-35","10":"product_tag-42","11":"product_tag-collection","12":"product_tag-draft","13":"product_tag-sport","14":"desktop-align-left","15":"tablet-align-left","16":"mobile-align-left","18":"first","19":"instock","20":"taxable","21":"shipping-taxable","22":"purchasable","23":"product-type-simple"},"yoast_head":"<!-- This site is optimized with the Yoast SEO plugin v27.1 - https:\/\/yoast.com\/product\/yoast-seo-wordpress\/ -->\n<title>All-Star Draft Pack No\u00ebl - Palladis Games<\/title>\n<meta name=\"description\" content=\"All-Star Draft est un jeu de cartes dans lequel 2 \u00e0 6 joueurs participent \u00e0 un tournoi de hockey sur glace en tant que manager d&#039;une \u00e9quipe.\" \/>\n<meta name=\"robots\" content=\"index, follow, max-snippet:-1, max-image-preview:large, max-video-preview:-1\" \/>\n<link rel=\"canonical\" href=\"https:\/\/www.palladisgames.fr\/en\/product\/all-star-draft-pack-noel\/\" \/>\n<meta property=\"og:locale\" content=\"en_GB\" \/>\n<meta property=\"og:type\" content=\"article\" \/>\n<meta property=\"og:title\" content=\"All-Star Draft Pack No\u00ebl - Palladis Games\" \/>\n<meta property=\"og:description\" content=\"All-Star Draft est un jeu de cartes dans lequel 2 \u00e0 6 joueurs participent \u00e0 un tournoi de hockey sur glace en tant que manager d&#039;une \u00e9quipe.\" \/>\n<meta property=\"og:url\" content=\"https:\/\/www.palladisgames.fr\/en\/product\/all-star-draft-pack-noel\/\" \/>\n<meta property=\"og:site_name\" content=\"Palladis Games\" \/>\n<meta property=\"article:publisher\" content=\"https:\/\/www.facebook.com\/palladisgames\/\" \/>\n<meta property=\"article:modified_time\" content=\"2025-12-10T09:22:27+00:00\" \/>\n<meta property=\"og:image\" content=\"https:\/\/www.palladisgames.fr\/wp-content\/uploads\/2025\/12\/ASD-Promo.png\" \/>\n\t<meta property=\"og:image:width\" content=\"1181\" \/>\n\t<meta property=\"og:image:height\" content=\"1181\" \/>\n\t<meta property=\"og:image:type\" content=\"image\/png\" \/>\n<meta name=\"twitter:card\" content=\"summary_large_image\" \/>\n<meta name=\"twitter:label1\" content=\"Estimated reading time\" \/>\n\t<meta name=\"twitter:data1\" content=\"1 minute\" \/>\n<script type=\"application\/ld+json\" class=\"yoast-schema-graph\">{\"@context\":\"https:\/\/schema.org\",\"@graph\":[{\"@type\":\"WebPage\",\"@id\":\"https:\/\/www.palladisgames.fr\/produit\/all-star-draft-pack-noel\/\",\"url\":\"https:\/\/www.palladisgames.fr\/produit\/all-star-draft-pack-noel\/\",\"name\":\"All-Star Draft Pack No\u00ebl - Palladis Games\",\"isPartOf\":{\"@id\":\"https:\/\/www.palladisgames.fr\/#website\"},\"primaryImageOfPage\":{\"@id\":\"https:\/\/www.palladisgames.fr\/produit\/all-star-draft-pack-noel\/#primaryimage\"},\"image\":{\"@id\":\"https:\/\/www.palladisgames.fr\/produit\/all-star-draft-pack-noel\/#primaryimage\"},\"thumbnailUrl\":\"https:\/\/www.palladisgames.fr\/wp-content\/uploads\/2025\/12\/ASD-Promo.png\",\"datePublished\":\"2025-12-10T09:20:00+00:00\",\"dateModified\":\"2025-12-10T09:22:27+00:00\",\"description\":\"All-Star Draft est un jeu de cartes dans lequel 2 \u00e0 6 joueurs participent \u00e0 un tournoi de hockey sur glace en tant que manager d'une \u00e9quipe.\",\"breadcrumb\":{\"@id\":\"https:\/\/www.palladisgames.fr\/produit\/all-star-draft-pack-noel\/#breadcrumb\"},\"inLanguage\":\"en-GB\",\"potentialAction\":[{\"@type\":\"ReadAction\",\"target\":[\"https:\/\/www.palladisgames.fr\/produit\/all-star-draft-pack-noel\/\"]}]},{\"@type\":\"ImageObject\",\"inLanguage\":\"en-GB\",\"@id\":\"https:\/\/www.palladisgames.fr\/produit\/all-star-draft-pack-noel\/#primaryimage\",\"url\":\"https:\/\/www.palladisgames.fr\/wp-content\/uploads\/2025\/12\/ASD-Promo.png\",\"contentUrl\":\"https:\/\/www.palladisgames.fr\/wp-content\/uploads\/2025\/12\/ASD-Promo.png\",\"width\":1181,\"height\":1181},{\"@type\":\"BreadcrumbList\",\"@id\":\"https:\/\/www.palladisgames.fr\/produit\/all-star-draft-pack-noel\/#breadcrumb\",\"itemListElement\":[{\"@type\":\"ListItem\",\"position\":1,\"name\":\"Accueil\",\"item\":\"https:\/\/www.palladisgames.fr\/\"},{\"@type\":\"ListItem\",\"position\":2,\"name\":\"Boutique\",\"item\":\"https:\/\/www.palladisgames.fr\/boutique-2\/\"},{\"@type\":\"ListItem\",\"position\":3,\"name\":\"All-Star Draft Pack No\u00ebl\"}]},{\"@type\":\"WebSite\",\"@id\":\"https:\/\/www.palladisgames.fr\/#website\",\"url\":\"https:\/\/www.palladisgames.fr\/\",\"name\":\"Palladis Games\",\"description\":\"Le jeu par nature\",\"publisher\":{\"@id\":\"https:\/\/www.palladisgames.fr\/#organization\"},\"potentialAction\":[{\"@type\":\"SearchAction\",\"target\":{\"@type\":\"EntryPoint\",\"urlTemplate\":\"https:\/\/www.palladisgames.fr\/?s={search_term_string}\"},\"query-input\":{\"@type\":\"PropertyValueSpecification\",\"valueRequired\":true,\"valueName\":\"search_term_string\"}}],\"inLanguage\":\"en-GB\"},{\"@type\":\"Organization\",\"@id\":\"https:\/\/www.palladisgames.fr\/#organization\",\"name\":\"Palladis Games\",\"url\":\"https:\/\/www.palladisgames.fr\/\",\"logo\":{\"@type\":\"ImageObject\",\"inLanguage\":\"en-GB\",\"@id\":\"https:\/\/www.palladisgames.fr\/#\/schema\/logo\/image\/\",\"url\":\"https:\/\/www.palladisgames.fr\/wp-content\/uploads\/2023\/07\/logo-small.png\",\"contentUrl\":\"https:\/\/www.palladisgames.fr\/wp-content\/uploads\/2023\/07\/logo-small.png\",\"width\":132,\"height\":37,\"caption\":\"Palladis Games\"},\"image\":{\"@id\":\"https:\/\/www.palladisgames.fr\/#\/schema\/logo\/image\/\"},\"sameAs\":[\"https:\/\/www.facebook.com\/palladisgames\/\"]}]}<\/script>\n<!-- \/ Yoast SEO plugin. -->","yoast_head_json":{"title":"All-Star Draft Pack No\u00ebl - Palladis Games","description":"All-Star Draft est un jeu de cartes dans lequel 2 \u00e0 6 joueurs participent \u00e0 un tournoi de hockey sur glace en tant que manager d'une \u00e9quipe.","robots":{"index":"index","follow":"follow","max-snippet":"max-snippet:-1","max-image-preview":"max-image-preview:large","max-video-preview":"max-video-preview:-1"},"canonical":"https:\/\/www.palladisgames.fr\/en\/product\/all-star-draft-pack-noel\/","og_locale":"en_GB","og_type":"article","og_title":"All-Star Draft Pack No\u00ebl - Palladis Games","og_description":"All-Star Draft est un jeu de cartes dans lequel 2 \u00e0 6 joueurs participent \u00e0 un tournoi de hockey sur glace en tant que manager d'une \u00e9quipe.","og_url":"https:\/\/www.palladisgames.fr\/en\/product\/all-star-draft-pack-noel\/","og_site_name":"Palladis Games","article_publisher":"https:\/\/www.facebook.com\/palladisgames\/","article_modified_time":"2025-12-10T09:22:27+00:00","og_image":[{"width":1181,"height":1181,"url":"https:\/\/www.palladisgames.fr\/wp-content\/uploads\/2025\/12\/ASD-Promo.png","type":"image\/png"}],"twitter_card":"summary_large_image","twitter_misc":{"Estimated reading time":"1 minute"},"schema":{"@context":"https:\/\/schema.org","@graph":[{"@type":"WebPage","@id":"https:\/\/www.palladisgames.fr\/produit\/all-star-draft-pack-noel\/","url":"https:\/\/www.palladisgames.fr\/produit\/all-star-draft-pack-noel\/","name":"All-Star Draft Pack No\u00ebl - Palladis Games","isPartOf":{"@id":"https:\/\/www.palladisgames.fr\/#website"},"primaryImageOfPage":{"@id":"https:\/\/www.palladisgames.fr\/produit\/all-star-draft-pack-noel\/#primaryimage"},"image":{"@id":"https:\/\/www.palladisgames.fr\/produit\/all-star-draft-pack-noel\/#primaryimage"},"thumbnailUrl":"https:\/\/www.palladisgames.fr\/wp-content\/uploads\/2025\/12\/ASD-Promo.png","datePublished":"2025-12-10T09:20:00+00:00","dateModified":"2025-12-10T09:22:27+00:00","description":"All-Star Draft est un jeu de cartes dans lequel 2 \u00e0 6 joueurs participent \u00e0 un tournoi de hockey sur glace en tant que manager d'une \u00e9quipe.","breadcrumb":{"@id":"https:\/\/www.palladisgames.fr\/produit\/all-star-draft-pack-noel\/#breadcrumb"},"inLanguage":"en-GB","potentialAction":[{"@type":"ReadAction","target":["https:\/\/www.palladisgames.fr\/produit\/all-star-draft-pack-noel\/"]}]},{"@type":"ImageObject","inLanguage":"en-GB","@id":"https:\/\/www.palladisgames.fr\/produit\/all-star-draft-pack-noel\/#primaryimage","url":"https:\/\/www.palladisgames.fr\/wp-content\/uploads\/2025\/12\/ASD-Promo.png","contentUrl":"https:\/\/www.palladisgames.fr\/wp-content\/uploads\/2025\/12\/ASD-Promo.png","width":1181,"height":1181},{"@type":"BreadcrumbList","@id":"https:\/\/www.palladisgames.fr\/produit\/all-star-draft-pack-noel\/#breadcrumb","itemListElement":[{"@type":"ListItem","position":1,"name":"Accueil","item":"https:\/\/www.palladisgames.fr\/"},{"@type":"ListItem","position":2,"name":"Boutique","item":"https:\/\/www.palladisgames.fr\/boutique-2\/"},{"@type":"ListItem","position":3,"name":"All-Star Draft Pack No\u00ebl"}]},{"@type":"WebSite","@id":"https:\/\/www.palladisgames.fr\/#website","url":"https:\/\/www.palladisgames.fr\/","name":"Palladis Games","description":"Le jeu par nature","publisher":{"@id":"https:\/\/www.palladisgames.fr\/#organization"},"potentialAction":[{"@type":"SearchAction","target":{"@type":"EntryPoint","urlTemplate":"https:\/\/www.palladisgames.fr\/?s={search_term_string}"},"query-input":{"@type":"PropertyValueSpecification","valueRequired":true,"valueName":"search_term_string"}}],"inLanguage":"en-GB"},{"@type":"Organization","@id":"https:\/\/www.palladisgames.fr\/#organization","name":"Palladis Games","url":"https:\/\/www.palladisgames.fr\/","logo":{"@type":"ImageObject","inLanguage":"en-GB","@id":"https:\/\/www.palladisgames.fr\/#\/schema\/logo\/image\/","url":"https:\/\/www.palladisgames.fr\/wp-content\/uploads\/2023\/07\/logo-small.png","contentUrl":"https:\/\/www.palladisgames.fr\/wp-content\/uploads\/2023\/07\/logo-small.png","width":132,"height":37,"caption":"Palladis Games"},"image":{"@id":"https:\/\/www.palladisgames.fr\/#\/schema\/logo\/image\/"},"sameAs":["https:\/\/www.facebook.com\/palladisgames\/"]}]}},"uagb_featured_image_src":{"full":["https:\/\/www.palladisgames.fr\/wp-content\/uploads\/2025\/12\/ASD-Promo.png",1181,1181,false],"thumbnail":["https:\/\/www.palladisgames.fr\/wp-content\/uploads\/2025\/12\/ASD-Promo-150x150.png",150,150,true],"medium":["https:\/\/www.palladisgames.fr\/wp-content\/uploads\/2025\/12\/ASD-Promo-300x300.png",300,300,true],"medium_large":["https:\/\/www.palladisgames.fr\/wp-content\/uploads\/2025\/12\/ASD-Promo-768x768.png",768,768,true],"large":["https:\/\/www.palladisgames.fr\/wp-content\/uploads\/2025\/12\/ASD-Promo-1024x1024.png",1024,1024,true],"1536x1536":["https:\/\/www.palladisgames.fr\/wp-content\/uploads\/2025\/12\/ASD-Promo.png",1181,1181,false],"2048x2048":["https:\/\/www.palladisgames.fr\/wp-content\/uploads\/2025\/12\/ASD-Promo.png",1181,1181,false],"trp-custom-language-flag":["https:\/\/www.palladisgames.fr\/wp-content\/uploads\/2025\/12\/ASD-Promo-12x12.png",12,12,true],"woocommerce_thumbnail":["https:\/\/www.palladisgames.fr\/wp-content\/uploads\/2025\/12\/ASD-Promo-300x225.png",300,225,true],"woocommerce_single":["https:\/\/www.palladisgames.fr\/wp-content\/uploads\/2025\/12\/ASD-Promo-600x600.png",600,600,true],"woocommerce_gallery_thumbnail":["https:\/\/www.palladisgames.fr\/wp-content\/uploads\/2025\/12\/ASD-Promo-100x100.png",100,100,true]},"uagb_author_info":{"display_name":"Palladis","author_link":"https:\/\/www.palladisgames.fr\/en\/author\/"},"uagb_comment_info":0,"uagb_excerpt":"Ne soyez pas frileux ! Faites vos preuves en tant que manager en s\u00e9lectionnant les meilleurs joueurs et en les envoyant \u00e0 la Coupe des \u00e9toiles de cette ann\u00e9e. N'oubliez pas qu'une \u00e9quipe bien coordonn\u00e9e attire plus de fans ! Vous patinez sur une glace fine, car ceux qui perdent seront \u00e9limin\u00e9s les premiers !&hellip;","_links":{"self":[{"href":"https:\/\/www.palladisgames.fr\/en\/wp-json\/wp\/v2\/product\/1890","targetHints":{"allow":["GET"]}}],"collection":[{"href":"https:\/\/www.palladisgames.fr\/en\/wp-json\/wp\/v2\/product"}],"about":[{"href":"https:\/\/www.palladisgames.fr\/en\/wp-json\/wp\/v2\/types\/product"}],"wp:featuredmedia":[{"embeddable":true,"href":"https:\/\/www.palladisgames.fr\/en\/wp-json\/wp\/v2\/media\/1891"}],"wp:attachment":[{"href":"https:\/\/www.palladisgames.fr\/en\/wp-json\/wp\/v2\/media?parent=1890"}],"wp:term":[{"taxonomy":"product_brand","embeddable":true,"href":"https:\/\/www.palladisgames.fr\/en\/wp-json\/wp\/v2\/product_brand?post=1890"},{"taxonomy":"product_cat","embeddable":true,"href":"https:\/\/www.palladisgames.fr\/en\/wp-json\/wp\/v2\/product_cat?post=1890"},{"taxonomy":"product_tag","embeddable":true,"href":"https:\/\/www.palladisgames.fr\/en\/wp-json\/wp\/v2\/product_tag?post=1890"}],"curies":[{"name":"wp","href":"https:\/\/api.w.org\/{rel}","templated":true}]}}