{"id":983,"date":"2025-06-08T23:46:19","date_gmt":"2025-06-08T23:46:19","guid":{"rendered":"https:\/\/www.palladisgames.fr\/?page_id=983"},"modified":"2025-10-09T16:03:16","modified_gmt":"2025-10-09T14:03:16","slug":"all-star-draft","status":"publish","type":"page","link":"https:\/\/www.palladisgames.fr\/en\/boutique-2\/all-star-draft\/","title":{"rendered":"All-Star Draft"},"content":{"rendered":"<div class=\"wp-block-uagb-container uagb-block-681516ce alignfull uagb-is-root-container\"><div class=\"uagb-container-inner-blocks-wrap\">\n<div class=\"wp-block-uagb-container uagb-block-379d3580\">\n<div class=\"wp-block-uagb-image uagb-block-b64e5659 wp-block-uagb-image--layout-default wp-block-uagb-image--effect-static wp-block-uagb-image--align-none\"><figure class=\"wp-block-uagb-image__figure\"><img decoding=\"async\"  sizes=\"auto, (max-width: 480px) 150px\" src=\"https:\/\/www.palladisgames.fr\/wp-content\/uploads\/2024\/12\/All-Star-Draft-1024x1024.png\" alt=\"\" width=\"1024\" height=\"1024\" title=\"\" loading=\"lazy\" role=\"img\"\/><\/figure><\/div>\n\n\n\n<div class=\"wp-block-file has-border-color has-ast-global-color-5-border-color has-ast-global-color-1-background-color has-background has-link-color wp-elements-7ded770b8f933b19399197767846e397\" style=\"border-width:1px;border-radius:20px;margin-right:0;margin-left:0;padding-right:var(--wp--preset--spacing--80);padding-left:var(--wp--preset--spacing--80)\"><a id=\"wp-block-file--media-dd79ea7e-bf24-4738-a716-9ad54a62c56d\" href=\"https:\/\/www.palladisgames.fr\/wp-content\/uploads\/2025\/06\/ASD-regles-web-v101.pdf\" target=\"_blank\" rel=\"noreferrer noopener\">R\u00e8gles du jeu<\/a><a href=\"https:\/\/www.palladisgames.fr\/wp-content\/uploads\/2025\/06\/ASD-regles-web-v101.pdf\" class=\"wp-block-file__button wp-element-button\" download aria-describedby=\"wp-block-file--media-dd79ea7e-bf24-4738-a716-9ad54a62c56d\">T\u00e9l\u00e9charger<\/a><\/div>\n<\/div>\n\n\n\n<div class=\"wp-block-uagb-container uagb-block-87e3ca05\"><h2 class=\"has-link-color wp-elements-a784530a73ead2b3f25867c837c49932 wp-block-post-title has-text-color has-ast-global-color-7-color\">All-Star Draft<\/h2>\n\n\n<div data-block-name=\"woocommerce\/single-product\" data-product-id=\"332\" data-wp-context=\"{&quot;productId&quot;:332,&quot;variationId&quot;:null}\" data-wp-interactive=\"woocommerce\/single-product\" class=\"wp-block-woocommerce-single-product woocommerce\"><div data-block-name=\"woocommerce\/product-summary\" data-is-descendent-of-single-product-block=\"true\" data-style=\"{&quot;elements&quot;:{&quot;link&quot;:{&quot;color&quot;:{&quot;text&quot;:&quot;var:preset|color|ast-global-color-6&quot;}}}}\" data-text-color=\"ast-global-color-6\" class=\"wp-block-woocommerce-product-summary wp-elements-7cf8bb6d67efef1e19139ba5d95a8283\"><div class=\"wc-block-components-product-summary has-text-color has-ast-global-color-6-color wp-elements-7cf8bb6d67efef1e19139ba5d95a8283\" style=\"\">\n\t\t\t\t<p>Ne soyez pas frileux ! Faites vos preuves en tant que manager en s\u00e9lectionnant les meilleurs joueurs et en les envoyant \u00e0 la Coupe des \u00e9toiles de cette ann\u00e9e.<\/p>\n<p>N&#8217;oubliez pas qu&#8217;une \u00e9quipe bien coordonn\u00e9e attire plus de fans !<\/p>\n<p>Vous patinez sur une glace fine, car ceux qui perdent seront \u00e9limin\u00e9s les premiers !<\/p>\n\n\t\t\t<\/div><\/div>\n\n<div data-block-name=\"woocommerce\/product-price\" data-is-descendent-of-single-product-block=\"true\" data-style=\"{&quot;typography&quot;:{&quot;fontStyle&quot;:&quot;normal&quot;,&quot;fontWeight&quot;:&quot;1000&quot;},&quot;elements&quot;:{&quot;link&quot;:{&quot;color&quot;:{&quot;text&quot;:&quot;var:preset|color|ast-global-color-2&quot;}}}}\" data-text-color=\"ast-global-color-2\" class=\"wp-block-woocommerce-product-price\" ><div class=\"wc-block-components-product-price wc-block-grid__product-price  has-text-color has-ast-global-color-2-color\" style=\"font-style: normal; font-weight: 1000;\" >\n\t\t\t\t\t<span class=\"woocommerce-Price-amount amount\"><bdi>30,00&nbsp;<span class=\"woocommerce-Price-currencySymbol\">\u20ac<\/span><\/bdi><\/span>\n\t\t\t\t<\/div><\/div>\n\n<div data-block-name=\"woocommerce\/add-to-cart-form\" class=\"wp-block-add-to-cart-form wc-block-add-to-cart-form product wc-block-add-to-cart-form--input wp-block-woocommerce-add-to-cart-form\" >\n\t\n\t<form class=\"cart\" action=\"https:\/\/www.palladisgames.fr\/en\/wp-json\/wp\/v2\/pages\/983\" method=\"post\" enctype='multipart\/form-data' data-trp-original-action=\"https:\/\/www.palladisgames.fr\/en\/wp-json\/wp\/v2\/pages\/983\">\n\t\t\n\t\t<div class=\"quantity\">\n\t\t<label class=\"screen-reader-text\" for=\"quantity_69e35f9275ff4\" data-no-translation=\"\" data-trp-gettext=\"\">All-Star Draft quantity<\/label>\n\t<input\n\t\ttype=\"number\"\n\t\t\t\tid=\"quantity_69e35f9275ff4\"\n\t\tclass=\"input-text qty text\"\n\t\tname=\"quantity\"\n\t\tvalue=\"1\"\n\t\taria-label=\"Product quantity\"\n\t\t\t\tmin=\"1\"\n\t\t\t\t\t\t\tstep=\"1\"\n\t\t\tplaceholder=\"\"\n\t\t\tinputmode=\"numeric\"\n\t\t\tautocomplete=\"off\" data-no-translation-aria-label=\"\"\n\t\t\t\/>\n\t<\/div>\n\n\t\t<button type=\"submit\" name=\"add-to-cart\" value=\"332\" class=\"single_add_to_cart_button button alt\" data-no-translation=\"\" data-trp-gettext=\"\">Add to basket<\/button>\n\n\t\t\t<input type=\"hidden\" name=\"trp-form-language\" value=\"en\"\/><\/form>\n\n\t\n<\/div><\/div>\n<\/div>\n<\/div><\/div>\n\n\n\n<div class=\"wp-block-uagb-container uagb-block-7a83865f alignfull uagb-is-root-container\"><div class=\"uagb-container-inner-blocks-wrap\">\n<div class=\"wp-block-uagb-container uagb-block-6e2bf3e0\">\n<h3 class=\"wp-block-heading has-text-align-center\"><strong>All-Star Draft : venez vous rafra\u00eechir sur Game Park !<\/strong><\/h3>\n\n\n\n<p class=\"has-text-align-center\"><a href=\"https:\/\/game-park.com\/fr\/board-games\/all-star-draft\">https:\/\/game-park.com\/fr\/board-games\/all-star-draft<\/a><\/p>\n\n\n\n<p>Dans ce jeu de draft, vous incarnez le manager d&#8217;une \u00e9quipe de hockey sur glace charg\u00e9 de &#8220;drafter&#8221; les meilleurs joueurs en vue des matchs \u00e0 venir. Votre objectif n&#8217;est pas de remporter tous les matchs, mais de gagner le c\u0153ur des supporters !<\/p>\n\n\n\n<p>Dans All-Star Draft, Marco Schaub et l&#8217;\u00e9diteur Suisse-Allemand Sun Core Games ont concoct\u00e9 un jeu brillant et tr\u00e8s malin : chaque joueur de hockey a 3 attributs diff\u00e9rents : esp\u00e8ce (couleur), num\u00e9ro et \u00e9quipement, et vous pouvez composer des \u00e9quipes puissantes avec des joueurs partageant l&#8217;un des 3 attributs, ce qui ouvre de nombreuses possibilit\u00e9s strat\u00e9giques !<\/p>\n\n\n\n<p>All-Star Draft est magnifiquement illustr\u00e9 par Malte Zirbel et Armand Texier, et talentueusement adapt\u00e9 sur Game Park par Isilud et SwHawk<\/p>\n\n\n\n<p>Vous pouvez apprendre \u00e0 y jouer en 5 minutes gr\u00e2ce au tutoriel !<br>D\u00e9fiez les autres joueurs en mode comp\u00e9titif et entra\u00eenez-vous pour les futurs tournois officiels !<\/p>\n\n\n\n<p><\/p>\n<\/div>\n\n\n\n<div class=\"wp-block-uagb-container uagb-block-fd233b1e alignfull uagb-is-root-container\"><div class=\"uagb-container-inner-blocks-wrap\">\n<figure class=\"wp-block-embed is-type-video is-provider-youtube wp-block-embed-youtube wp-embed-aspect-16-9 wp-has-aspect-ratio\"><div class=\"wp-block-embed__wrapper\">\n<iframe loading=\"lazy\" title=\"All-star Draft, on explique et on joue (avec les \u00e9diteurs)\" width=\"500\" height=\"281\" src=\"https:\/\/www.youtube.com\/embed\/IvE7zvXw24M?feature=oembed\" frameborder=\"0\" allow=\"accelerometer; autoplay; clipboard-write; encrypted-media; gyroscope; picture-in-picture; web-share\" referrerpolicy=\"strict-origin-when-cross-origin\" allowfullscreen><\/iframe>\n<\/div><\/figure>\n\n\n\n<figure class=\"wp-block-embed is-type-video is-provider-youtube wp-block-embed-youtube wp-embed-aspect-16-9 wp-has-aspect-ratio\"><div class=\"wp-block-embed__wrapper\">\n<iframe loading=\"lazy\" title=\"All Star Draft - Pr\u00e9sentation et R\u00e8gles\" width=\"500\" height=\"281\" src=\"https:\/\/www.youtube.com\/embed\/dk4b5BCR56g?feature=oembed\" frameborder=\"0\" allow=\"accelerometer; autoplay; clipboard-write; encrypted-media; gyroscope; picture-in-picture; web-share\" referrerpolicy=\"strict-origin-when-cross-origin\" allowfullscreen><\/iframe>\n<\/div><\/figure>\n\n\n\n<figure class=\"wp-block-embed is-type-video is-provider-youtube wp-block-embed-youtube wp-embed-aspect-16-9 wp-has-aspect-ratio\"><div class=\"wp-block-embed__wrapper\">\n<iframe loading=\"lazy\" title=\"{ R\u00e8gles Et Partie } ON JOUE \u00c0 ALL STAR DRAFT | Jeu De Soci\u00e9t\u00e9 | Palladis Games\" width=\"500\" height=\"281\" src=\"https:\/\/www.youtube.com\/embed\/MTYZP6321RY?feature=oembed\" frameborder=\"0\" allow=\"accelerometer; autoplay; clipboard-write; encrypted-media; gyroscope; picture-in-picture; web-share\" referrerpolicy=\"strict-origin-when-cross-origin\" allowfullscreen><\/iframe>\n<\/div><\/figure>\n<\/div><\/div>\n<\/div><\/div>\n\n    <div class=\"xs_social_share_widget xs_share_url after_content \t\tmain_content  wslu-style-1 wslu-share-box-shaped wslu-fill-colored wslu-none wslu-share-horizontal wslu-theme-font-no wslu-main_content\">\n\n\t\t\n        <ul>\n\t\t\t        <\/ul>\n    <\/div>","protected":false},"excerpt":{"rendered":"<p>All-Star Draft : venez vous rafra\u00eechir sur Game Park ! https:\/\/game-park.com\/fr\/board-games\/all-star-draft Dans ce jeu de draft, vous incarnez le manager [&hellip;]<\/p>","protected":false},"author":3,"featured_media":0,"parent":445,"menu_order":2,"comment_status":"closed","ping_status":"closed","template":"","meta":{"_uag_custom_page_level_css":"","site-sidebar-layout":"default","site-content-layout":"","ast-site-content-layout":"default","site-content-style":"default","site-sidebar-style":"default","ast-global-header-display":"","ast-banner-title-visibility":"","ast-main-header-display":"","ast-hfb-above-header-display":"","ast-hfb-below-header-display":"","ast-hfb-mobile-header-display":"","site-post-title":"","ast-breadcrumbs-content":"","ast-featured-img":"","footer-sml-layout":"","theme-transparent-header-meta":"","adv-header-id-meta":"","stick-header-meta":"","header-above-stick-meta":"","header-main-stick-meta":"","header-below-stick-meta":"","astra-migrate-meta-layouts":"default","ast-page-background-enabled":"default","ast-page-background-meta":{"desktop":{"background-color":"var(--ast-global-color-5)","background-image":"","background-repeat":"repeat","background-position":"center center","background-size":"auto","background-attachment":"scroll","background-type":"","background-media":"","overlay-type":"","overlay-color":"","overlay-opacity":"","overlay-gradient":""},"tablet":{"background-color":"","background-image":"","background-repeat":"repeat","background-position":"center center","background-size":"auto","background-attachment":"scroll","background-type":"","background-media":"","overlay-type":"","overlay-color":"","overlay-opacity":"","overlay-gradient":""},"mobile":{"background-color":"","background-image":"","background-repeat":"repeat","background-position":"center center","background-size":"auto","background-attachment":"scroll","background-type":"","background-media":"","overlay-type":"","overlay-color":"","overlay-opacity":"","overlay-gradient":""}},"ast-content-background-meta":{"desktop":{"background-color":"var(--ast-global-color-4)","background-image":"","background-repeat":"repeat","background-position":"center center","background-size":"auto","background-attachment":"scroll","background-type":"","background-media":"","overlay-type":"","overlay-color":"","overlay-opacity":"","overlay-gradient":""},"tablet":{"background-color":"var(--ast-global-color-4)","background-image":"","background-repeat":"repeat","background-position":"center center","background-size":"auto","background-attachment":"scroll","background-type":"","background-media":"","overlay-type":"","overlay-color":"","overlay-opacity":"","overlay-gradient":""},"mobile":{"background-color":"var(--ast-global-color-4)","background-image":"","background-repeat":"repeat","background-position":"center center","background-size":"auto","background-attachment":"scroll","background-type":"","background-media":"","overlay-type":"","overlay-color":"","overlay-opacity":"","overlay-gradient":""}},"footnotes":""},"class_list":["post-983","page","type-page","status-publish","hentry"],"yoast_head":"<!-- This site is optimized with the Yoast SEO plugin v27.1 - https:\/\/yoast.com\/product\/yoast-seo-wordpress\/ -->\n<title>All-Star Draft - All-Star Draft<\/title>\n<meta name=\"description\" content=\"All-Star Draft\" \/>\n<meta name=\"robots\" content=\"index, follow, max-snippet:-1, max-image-preview:large, max-video-preview:-1\" \/>\n<link rel=\"canonical\" href=\"https:\/\/www.palladisgames.fr\/en\/boutique-2\/all-star-draft\/\" \/>\n<meta property=\"og:locale\" content=\"en_GB\" \/>\n<meta property=\"og:type\" content=\"article\" \/>\n<meta property=\"og:title\" content=\"All-Star Draft - All-Star Draft\" \/>\n<meta property=\"og:description\" content=\"All-Star Draft\" \/>\n<meta property=\"og:url\" content=\"https:\/\/www.palladisgames.fr\/en\/boutique-2\/all-star-draft\/\" \/>\n<meta property=\"og:site_name\" content=\"Palladis Games\" \/>\n<meta property=\"article:publisher\" content=\"https:\/\/www.facebook.com\/palladisgames\/\" \/>\n<meta property=\"article:modified_time\" content=\"2025-10-09T14:03:16+00:00\" \/>\n<meta property=\"og:image\" content=\"https:\/\/www.palladisgames.fr\/wp-content\/uploads\/2024\/12\/All-Star-Draft-1024x1024.png\" \/>\n<meta name=\"twitter:card\" content=\"summary_large_image\" \/>\n<meta name=\"twitter:label1\" content=\"Estimated reading time\" \/>\n\t<meta name=\"twitter:data1\" content=\"2 minutes\" \/>\n<script type=\"application\/ld+json\" class=\"yoast-schema-graph\">{\"@context\":\"https:\/\/schema.org\",\"@graph\":[{\"@type\":\"WebPage\",\"@id\":\"https:\/\/www.palladisgames.fr\/boutique-2\/all-star-draft\/\",\"url\":\"https:\/\/www.palladisgames.fr\/boutique-2\/all-star-draft\/\",\"name\":\"All-Star Draft - All-Star Draft\",\"isPartOf\":{\"@id\":\"https:\/\/www.palladisgames.fr\/#website\"},\"primaryImageOfPage\":{\"@id\":\"https:\/\/www.palladisgames.fr\/boutique-2\/all-star-draft\/#primaryimage\"},\"image\":{\"@id\":\"https:\/\/www.palladisgames.fr\/boutique-2\/all-star-draft\/#primaryimage\"},\"thumbnailUrl\":\"https:\/\/www.palladisgames.fr\/wp-content\/uploads\/2024\/12\/All-Star-Draft-1024x1024.png\",\"datePublished\":\"2025-06-08T23:46:19+00:00\",\"dateModified\":\"2025-10-09T14:03:16+00:00\",\"description\":\"All-Star Draft\",\"breadcrumb\":{\"@id\":\"https:\/\/www.palladisgames.fr\/boutique-2\/all-star-draft\/#breadcrumb\"},\"inLanguage\":\"en-GB\",\"potentialAction\":[{\"@type\":\"ReadAction\",\"target\":[\"https:\/\/www.palladisgames.fr\/boutique-2\/all-star-draft\/\"]}]},{\"@type\":\"ImageObject\",\"inLanguage\":\"en-GB\",\"@id\":\"https:\/\/www.palladisgames.fr\/boutique-2\/all-star-draft\/#primaryimage\",\"url\":\"https:\/\/www.palladisgames.fr\/wp-content\/uploads\/2024\/12\/All-Star-Draft-1024x1024.png\",\"contentUrl\":\"https:\/\/www.palladisgames.fr\/wp-content\/uploads\/2024\/12\/All-Star-Draft-1024x1024.png\"},{\"@type\":\"BreadcrumbList\",\"@id\":\"https:\/\/www.palladisgames.fr\/boutique-2\/all-star-draft\/#breadcrumb\",\"itemListElement\":[{\"@type\":\"ListItem\",\"position\":1,\"name\":\"Accueil\",\"item\":\"https:\/\/www.palladisgames.fr\/\"},{\"@type\":\"ListItem\",\"position\":2,\"name\":\"Boutique\",\"item\":\"https:\/\/www.palladisgames.fr\/boutique-2\/\"},{\"@type\":\"ListItem\",\"position\":3,\"name\":\"All-Star Draft\"}]},{\"@type\":\"WebSite\",\"@id\":\"https:\/\/www.palladisgames.fr\/#website\",\"url\":\"https:\/\/www.palladisgames.fr\/\",\"name\":\"Palladis Games\",\"description\":\"Le jeu par nature\",\"publisher\":{\"@id\":\"https:\/\/www.palladisgames.fr\/#organization\"},\"potentialAction\":[{\"@type\":\"SearchAction\",\"target\":{\"@type\":\"EntryPoint\",\"urlTemplate\":\"https:\/\/www.palladisgames.fr\/?s={search_term_string}\"},\"query-input\":{\"@type\":\"PropertyValueSpecification\",\"valueRequired\":true,\"valueName\":\"search_term_string\"}}],\"inLanguage\":\"en-GB\"},{\"@type\":\"Organization\",\"@id\":\"https:\/\/www.palladisgames.fr\/#organization\",\"name\":\"Palladis Games\",\"url\":\"https:\/\/www.palladisgames.fr\/\",\"logo\":{\"@type\":\"ImageObject\",\"inLanguage\":\"en-GB\",\"@id\":\"https:\/\/www.palladisgames.fr\/#\/schema\/logo\/image\/\",\"url\":\"https:\/\/www.palladisgames.fr\/wp-content\/uploads\/2023\/07\/logo-small.png\",\"contentUrl\":\"https:\/\/www.palladisgames.fr\/wp-content\/uploads\/2023\/07\/logo-small.png\",\"width\":132,\"height\":37,\"caption\":\"Palladis Games\"},\"image\":{\"@id\":\"https:\/\/www.palladisgames.fr\/#\/schema\/logo\/image\/\"},\"sameAs\":[\"https:\/\/www.facebook.com\/palladisgames\/\"]}]}<\/script>\n<!-- \/ Yoast SEO plugin. -->","yoast_head_json":{"title":"All-Star Draft - All-Star Draft","description":"All-Star Draft","robots":{"index":"index","follow":"follow","max-snippet":"max-snippet:-1","max-image-preview":"max-image-preview:large","max-video-preview":"max-video-preview:-1"},"canonical":"https:\/\/www.palladisgames.fr\/en\/boutique-2\/all-star-draft\/","og_locale":"en_GB","og_type":"article","og_title":"All-Star Draft - All-Star Draft","og_description":"All-Star Draft","og_url":"https:\/\/www.palladisgames.fr\/en\/boutique-2\/all-star-draft\/","og_site_name":"Palladis Games","article_publisher":"https:\/\/www.facebook.com\/palladisgames\/","article_modified_time":"2025-10-09T14:03:16+00:00","og_image":[{"url":"https:\/\/www.palladisgames.fr\/wp-content\/uploads\/2024\/12\/All-Star-Draft-1024x1024.png","type":"","width":"","height":""}],"twitter_card":"summary_large_image","twitter_misc":{"Estimated reading time":"2 minutes"},"schema":{"@context":"https:\/\/schema.org","@graph":[{"@type":"WebPage","@id":"https:\/\/www.palladisgames.fr\/boutique-2\/all-star-draft\/","url":"https:\/\/www.palladisgames.fr\/boutique-2\/all-star-draft\/","name":"All-Star Draft - All-Star Draft","isPartOf":{"@id":"https:\/\/www.palladisgames.fr\/#website"},"primaryImageOfPage":{"@id":"https:\/\/www.palladisgames.fr\/boutique-2\/all-star-draft\/#primaryimage"},"image":{"@id":"https:\/\/www.palladisgames.fr\/boutique-2\/all-star-draft\/#primaryimage"},"thumbnailUrl":"https:\/\/www.palladisgames.fr\/wp-content\/uploads\/2024\/12\/All-Star-Draft-1024x1024.png","datePublished":"2025-06-08T23:46:19+00:00","dateModified":"2025-10-09T14:03:16+00:00","description":"All-Star Draft","breadcrumb":{"@id":"https:\/\/www.palladisgames.fr\/boutique-2\/all-star-draft\/#breadcrumb"},"inLanguage":"en-GB","potentialAction":[{"@type":"ReadAction","target":["https:\/\/www.palladisgames.fr\/boutique-2\/all-star-draft\/"]}]},{"@type":"ImageObject","inLanguage":"en-GB","@id":"https:\/\/www.palladisgames.fr\/boutique-2\/all-star-draft\/#primaryimage","url":"https:\/\/www.palladisgames.fr\/wp-content\/uploads\/2024\/12\/All-Star-Draft-1024x1024.png","contentUrl":"https:\/\/www.palladisgames.fr\/wp-content\/uploads\/2024\/12\/All-Star-Draft-1024x1024.png"},{"@type":"BreadcrumbList","@id":"https:\/\/www.palladisgames.fr\/boutique-2\/all-star-draft\/#breadcrumb","itemListElement":[{"@type":"ListItem","position":1,"name":"Accueil","item":"https:\/\/www.palladisgames.fr\/"},{"@type":"ListItem","position":2,"name":"Boutique","item":"https:\/\/www.palladisgames.fr\/boutique-2\/"},{"@type":"ListItem","position":3,"name":"All-Star Draft"}]},{"@type":"WebSite","@id":"https:\/\/www.palladisgames.fr\/#website","url":"https:\/\/www.palladisgames.fr\/","name":"Palladis Games","description":"Le jeu par nature","publisher":{"@id":"https:\/\/www.palladisgames.fr\/#organization"},"potentialAction":[{"@type":"SearchAction","target":{"@type":"EntryPoint","urlTemplate":"https:\/\/www.palladisgames.fr\/?s={search_term_string}"},"query-input":{"@type":"PropertyValueSpecification","valueRequired":true,"valueName":"search_term_string"}}],"inLanguage":"en-GB"},{"@type":"Organization","@id":"https:\/\/www.palladisgames.fr\/#organization","name":"Palladis Games","url":"https:\/\/www.palladisgames.fr\/","logo":{"@type":"ImageObject","inLanguage":"en-GB","@id":"https:\/\/www.palladisgames.fr\/#\/schema\/logo\/image\/","url":"https:\/\/www.palladisgames.fr\/wp-content\/uploads\/2023\/07\/logo-small.png","contentUrl":"https:\/\/www.palladisgames.fr\/wp-content\/uploads\/2023\/07\/logo-small.png","width":132,"height":37,"caption":"Palladis Games"},"image":{"@id":"https:\/\/www.palladisgames.fr\/#\/schema\/logo\/image\/"},"sameAs":["https:\/\/www.facebook.com\/palladisgames\/"]}]}},"uagb_featured_image_src":{"full":false,"thumbnail":false,"medium":false,"medium_large":false,"large":false,"1536x1536":false,"2048x2048":false,"trp-custom-language-flag":false,"woocommerce_thumbnail":false,"woocommerce_single":false,"woocommerce_gallery_thumbnail":false},"uagb_author_info":{"display_name":"Palladis","author_link":"https:\/\/www.palladisgames.fr\/en\/author\/palladis\/"},"uagb_comment_info":0,"uagb_excerpt":"All-Star Draft : venez vous rafra\u00eechir sur Game Park ! https:\/\/game-park.com\/fr\/board-games\/all-star-draft Dans ce jeu de draft, vous incarnez le manager [&hellip;]","_links":{"self":[{"href":"https:\/\/www.palladisgames.fr\/en\/wp-json\/wp\/v2\/pages\/983","targetHints":{"allow":["GET"]}}],"collection":[{"href":"https:\/\/www.palladisgames.fr\/en\/wp-json\/wp\/v2\/pages"}],"about":[{"href":"https:\/\/www.palladisgames.fr\/en\/wp-json\/wp\/v2\/types\/page"}],"author":[{"embeddable":true,"href":"https:\/\/www.palladisgames.fr\/en\/wp-json\/wp\/v2\/users\/3"}],"replies":[{"embeddable":true,"href":"https:\/\/www.palladisgames.fr\/en\/wp-json\/wp\/v2\/comments?post=983"}],"version-history":[{"count":65,"href":"https:\/\/www.palladisgames.fr\/en\/wp-json\/wp\/v2\/pages\/983\/revisions"}],"predecessor-version":[{"id":1702,"href":"https:\/\/www.palladisgames.fr\/en\/wp-json\/wp\/v2\/pages\/983\/revisions\/1702"}],"up":[{"embeddable":true,"href":"https:\/\/www.palladisgames.fr\/en\/wp-json\/wp\/v2\/pages\/445"}],"wp:attachment":[{"href":"https:\/\/www.palladisgames.fr\/en\/wp-json\/wp\/v2\/media?parent=983"}],"curies":[{"name":"wp","href":"https:\/\/api.w.org\/{rel}","templated":true}]}}