{"id":1690,"date":"2025-10-09T15:00:49","date_gmt":"2025-10-09T13:00:49","guid":{"rendered":"https:\/\/www.palladisgames.fr\/?page_id=1690"},"modified":"2026-01-22T15:52:02","modified_gmt":"2026-01-22T13:52:02","slug":"biotopes","status":"publish","type":"page","link":"https:\/\/www.palladisgames.fr\/en\/boutique-2\/biotopes\/","title":{"rendered":"Biotopes"},"content":{"rendered":"<div class=\"wp-block-uagb-container uagb-block-681516ce alignfull uagb-is-root-container\"><div class=\"uagb-container-inner-blocks-wrap\">\n<div class=\"wp-block-uagb-container uagb-block-379d3580\">\n<div class=\"wp-block-uagb-image uagb-block-055bdb86 wp-block-uagb-image--layout-default wp-block-uagb-image--effect-static wp-block-uagb-image--align-none\"><figure class=\"wp-block-uagb-image__figure\"><img decoding=\"async\" srcset=\"https:\/\/www.palladisgames.fr\/wp-content\/uploads\/2025\/01\/Sans-titre-4.png 500w, https:\/\/www.palladisgames.fr\/wp-content\/uploads\/2025\/01\/Sans-titre-4-100x100.png 100w, https:\/\/www.palladisgames.fr\/wp-content\/uploads\/2025\/01\/Sans-titre-4-300x300.png 300w, https:\/\/www.palladisgames.fr\/wp-content\/uploads\/2025\/01\/Sans-titre-4-150x150.png 150w, https:\/\/www.palladisgames.fr\/wp-content\/uploads\/2025\/01\/Sans-titre-4-12x12.png 12w\" sizes=\"auto, (max-width: 480px) 150px\" src=\"https:\/\/www.palladisgames.fr\/wp-content\/uploads\/2025\/01\/Sans-titre-4.png\" alt=\"Biotopes\" class=\"uag-image-257\" width=\"500\" height=\"500\" title=\"Biotopes\" loading=\"lazy\" role=\"img\"\/><\/figure><\/div>\n\n\n\n<div class=\"wp-block-file has-border-color has-ast-global-color-1-background-color has-background has-link-color wp-elements-44f0365ecf0cddd1cb3b1e7165f398b3\" style=\"border-color:#ffffff;border-width:1px;border-top-left-radius:20px;border-top-right-radius:20px;border-bottom-left-radius:20px;border-bottom-right-radius:20px;margin-right:0;margin-left:0;padding-right:var(--wp--preset--spacing--80);padding-left:var(--wp--preset--spacing--80)\"><a id=\"wp-block-file--media-5a686ba5-1508-492b-a2bb-6602e074e685\" href=\"https:\/\/www.palladisgames.fr\/wp-content\/uploads\/2026\/01\/Biotopes-Regles-2023-05-03.pdf\">Biotopes-Regles-2023-05-03<\/a><a href=\"https:\/\/www.palladisgames.fr\/wp-content\/uploads\/2026\/01\/Biotopes-Regles-2023-05-03.pdf\" class=\"wp-block-file__button wp-element-button\" download aria-describedby=\"wp-block-file--media-5a686ba5-1508-492b-a2bb-6602e074e685\">T\u00e9l\u00e9charger<\/a><\/div>\n<\/div>\n\n\n\n<div class=\"wp-block-uagb-container uagb-block-87e3ca05\"><h2 class=\"has-link-color wp-elements-569f3e1e931f388db637207e3f6aa838 wp-block-post-title has-text-color has-ast-global-color-7-color\">Biotopes<\/h2>\n\n\n<div class=\"wp-block-uagb-image alignleft uagb-block-bd39e521 wp-block-uagb-image--layout-default wp-block-uagb-image--effect-static wp-block-uagb-image--align-left size-medium wp-image-93\"><figure class=\"wp-block-uagb-image__figure\"><img decoding=\"async\"  sizes=\"auto, (max-width: 480px) 150px\" src=\"https:\/\/www.palladisgames.fr\/wp-content\/uploads\/2023\/07\/biotopes-300x49.png\" alt=\"\" width=\"300\" height=\"49\" title=\"\" loading=\"lazy\" role=\"img\"\/><\/figure><\/div>\n\n\n\n<p class=\"has-ast-global-color-6-color has-text-color has-link-color wp-elements-01ef7f4e8ee874f6dbfcd122928c56e5\">Avec <strong>BIOTOPES<\/strong>, d\u00e9veloppez votre \u00e9cosyst\u00e8me en colonisant des espaces naturels et en attirant des esp\u00e8ces animales.<br><br>Affrontez les autres joueurs pour pr\u00e9server votre espace vital. Vos esp\u00e8ces vont se d\u00e9placer, lutter, se reproduire et mourir, puis donner naissance \u00e0 de nouvelles g\u00e9n\u00e9rations.<br><br>Rechercherez-vous l\u2019harmonie entre \u00e9cosyst\u00e8mes voisins ou viserez-vous le sommet de la cha\u00eene alimentaire ? <br><br>C\u2019est \u00e0 vous de d\u00e9cider.<\/p>\n<\/div>\n<\/div><\/div>\n\n\n\n<div class=\"wp-block-uagb-container uagb-block-ed97e268 alignfull uagb-is-root-container\"><div class=\"uagb-container-inner-blocks-wrap\">\n<div class=\"wp-block-uagb-container uagb-block-2ba67bdf\">\n<div data-block-name=\"woocommerce\/single-product\" data-product-id=\"327\" data-wp-context=\"{&quot;productId&quot;:327,&quot;variationId&quot;:null}\" data-wp-interactive=\"woocommerce\/single-product\" class=\"wp-block-woocommerce-single-product woocommerce\">\n<div class=\"wp-block-columns is-layout-flex wp-container-core-columns-is-layout-28f84493 wp-block-columns-is-layout-flex\">\n<div class=\"wp-block-column is-layout-flow wp-block-column-is-layout-flow\"><div data-block-name=\"woocommerce\/product-image\" data-is-descendent-of-single-product-block=\"true\" data-show-sale-badge=\"false\" class=\"wc-block-components-product-image wc-block-grid__product-image wc-block-components-product-image--aspect-ratio-auto wp-block-woocommerce-product-image\"><a href=\"https:\/\/www.palladisgames.fr\/en\/product\/puzzle\/\" style=\"\" data-wp-on--click=\"woocommerce\/product-collection::actions.viewProduct\"><img loading=\"lazy\" decoding=\"async\" width=\"500\" height=\"500\" src=\"https:\/\/www.palladisgames.fr\/wp-content\/uploads\/2025\/01\/pzz-biotopes.png\" class=\"attachment-woocommerce_single size-woocommerce_single\" alt=\"Puzzle Biotopes zones humides\" data-testid=\"product-image\" data-image-id=\"495\" style=\"object-fit:cover;\" srcset=\"https:\/\/www.palladisgames.fr\/wp-content\/uploads\/2025\/01\/pzz-biotopes.png 500w, https:\/\/www.palladisgames.fr\/wp-content\/uploads\/2025\/01\/pzz-biotopes-100x100.png 100w, https:\/\/www.palladisgames.fr\/wp-content\/uploads\/2025\/01\/pzz-biotopes-300x300.png 300w, https:\/\/www.palladisgames.fr\/wp-content\/uploads\/2025\/01\/pzz-biotopes-150x150.png 150w, https:\/\/www.palladisgames.fr\/wp-content\/uploads\/2025\/01\/pzz-biotopes-12x12.png 12w\" sizes=\"auto, (max-width: 500px) 100vw, 500px\" \/><div class=\"wc-block-components-product-image__inner-container\">\n\n<\/div><\/a><\/div><\/div>\n\n\n\n<div class=\"wp-block-column is-layout-flow wp-block-column-is-layout-flow\"><h2 class=\"wp-block-post-title\"><a href=\"https:\/\/www.palladisgames.fr\/en\/product\/puzzle\/\" target=\"_self\" >Puzzle Biotopes zones humides<\/a><\/h2>\n\n<div data-block-name=\"woocommerce\/product-summary\" data-is-descendent-of-single-product-block=\"true\" class=\"wp-block-woocommerce-product-summary\"><div class=\"wc-block-components-product-summary\" style=\"\">\n\t\t\t\t<p>Puzzle 1.000 Pi\u00e8ces mettant en sc\u00e8ne des Esp\u00e8ces Animales issues des Zones Humides du jeu Biotopes.<\/p>\n\n\t\t\t<\/div><\/div><\/div>\n<\/div>\n\n\n<div data-block-name=\"woocommerce\/product-price\" data-is-descendent-of-single-product-block=\"true\" class=\"wp-block-woocommerce-product-price\" ><div class=\"wc-block-components-product-price wc-block-grid__product-price\" style=\"\" >\n\t\t\t\t\t<span class=\"woocommerce-Price-amount amount\"><bdi>23,00&nbsp;<span class=\"woocommerce-Price-currencySymbol\">\u20ac<\/span><\/bdi><\/span>\n\t\t\t\t<\/div><\/div>\n\n<div data-block-name=\"woocommerce\/add-to-cart-form\" class=\"wp-block-add-to-cart-form wc-block-add-to-cart-form wc-block-add-to-cart-form--input wp-block-woocommerce-add-to-cart-form\" >\n\t\n\t<form class=\"cart\" action=\"https:\/\/www.palladisgames.fr\/en\/product\/puzzle\/\" method=\"post\" enctype='multipart\/form-data' data-trp-original-action=\"https:\/\/www.palladisgames.fr\/en\/product\/puzzle\/\">\n\t\t\n\t\t<div class=\"quantity\">\n\t\t<label class=\"screen-reader-text\" for=\"quantity_69dfdecf3a508\" data-no-translation=\"\" data-trp-gettext=\"\">Puzzle Biotopes zones humides quantity<\/label>\n\t<input\n\t\ttype=\"number\"\n\t\t\t\tid=\"quantity_69dfdecf3a508\"\n\t\tclass=\"input-text qty text\"\n\t\tname=\"quantity\"\n\t\tvalue=\"1\"\n\t\taria-label=\"Product quantity\"\n\t\t\t\tmin=\"1\"\n\t\t\t\t\t\t\tstep=\"1\"\n\t\t\tplaceholder=\"\"\n\t\t\tinputmode=\"numeric\"\n\t\t\tautocomplete=\"off\" data-no-translation-aria-label=\"\"\n\t\t\t\/>\n\t<\/div>\n\n\t\t<button type=\"submit\" name=\"add-to-cart\" value=\"327\" class=\"single_add_to_cart_button button alt\" data-no-translation=\"\" data-trp-gettext=\"\">Add to basket<\/button>\n\n\t\t\t<input type=\"hidden\" name=\"trp-form-language\" value=\"en\"\/><\/form>\n\n\t\n<\/div><\/div>\n<\/div>\n\n\n\n<div class=\"wp-block-uagb-container uagb-block-7e26c9af\">\n<figure class=\"wp-block-embed is-type-video is-provider-youtube wp-block-embed-youtube wp-embed-aspect-16-9 wp-has-aspect-ratio\"><div class=\"wp-block-embed__wrapper\">\n<iframe loading=\"lazy\" title=\"Biotopes - Pr\u00e9sentation, r\u00e8gles et avis\" width=\"500\" height=\"281\" src=\"https:\/\/www.youtube.com\/embed\/ynDBaQ22iQM?feature=oembed\" frameborder=\"0\" allow=\"accelerometer; autoplay; clipboard-write; encrypted-media; gyroscope; picture-in-picture; web-share\" referrerpolicy=\"strict-origin-when-cross-origin\" allowfullscreen><\/iframe>\n<\/div><\/figure>\n\n\n\n<figure class=\"wp-block-embed is-type-video is-provider-youtube wp-block-embed-youtube wp-embed-aspect-16-9 wp-has-aspect-ratio\"><div class=\"wp-block-embed__wrapper\">\n<iframe loading=\"lazy\" title=\"BIOTOPES - Plus expert que Wingspan ! - Partie SOLO &amp; AVIS\" width=\"500\" height=\"281\" src=\"https:\/\/www.youtube.com\/embed\/DoDlRM_R45s?feature=oembed\" frameborder=\"0\" allow=\"accelerometer; autoplay; clipboard-write; encrypted-media; gyroscope; picture-in-picture; web-share\" referrerpolicy=\"strict-origin-when-cross-origin\" allowfullscreen><\/iframe>\n<\/div><\/figure>\n<\/div>\n<\/div><\/div>\n\n    <div class=\"xs_social_share_widget xs_share_url after_content \t\tmain_content  wslu-style-1 wslu-share-box-shaped wslu-fill-colored wslu-none wslu-share-horizontal wslu-theme-font-no wslu-main_content\">\n\n\t\t\n        <ul>\n\t\t\t        <\/ul>\n    <\/div>","protected":false},"excerpt":{"rendered":"<p>Avec BIOTOPES, d\u00e9veloppez votre \u00e9cosyst\u00e8me en colonisant des espaces naturels et en attirant des esp\u00e8ces animales. Affrontez les autres joueurs [&hellip;]<\/p>","protected":false},"author":3,"featured_media":0,"parent":445,"menu_order":6,"comment_status":"closed","ping_status":"closed","template":"","meta":{"_uag_custom_page_level_css":"","site-sidebar-layout":"default","site-content-layout":"","ast-site-content-layout":"default","site-content-style":"default","site-sidebar-style":"default","ast-global-header-display":"","ast-banner-title-visibility":"","ast-main-header-display":"","ast-hfb-above-header-display":"","ast-hfb-below-header-display":"","ast-hfb-mobile-header-display":"","site-post-title":"","ast-breadcrumbs-content":"","ast-featured-img":"","footer-sml-layout":"","theme-transparent-header-meta":"","adv-header-id-meta":"","stick-header-meta":"","header-above-stick-meta":"","header-main-stick-meta":"","header-below-stick-meta":"","astra-migrate-meta-layouts":"default","ast-page-background-enabled":"default","ast-page-background-meta":{"desktop":{"background-color":"var(--ast-global-color-5)","background-image":"","background-repeat":"repeat","background-position":"center center","background-size":"auto","background-attachment":"scroll","background-type":"","background-media":"","overlay-type":"","overlay-color":"","overlay-opacity":"","overlay-gradient":""},"tablet":{"background-color":"","background-image":"","background-repeat":"repeat","background-position":"center center","background-size":"auto","background-attachment":"scroll","background-type":"","background-media":"","overlay-type":"","overlay-color":"","overlay-opacity":"","overlay-gradient":""},"mobile":{"background-color":"","background-image":"","background-repeat":"repeat","background-position":"center center","background-size":"auto","background-attachment":"scroll","background-type":"","background-media":"","overlay-type":"","overlay-color":"","overlay-opacity":"","overlay-gradient":""}},"ast-content-background-meta":{"desktop":{"background-color":"var(--ast-global-color-4)","background-image":"","background-repeat":"repeat","background-position":"center center","background-size":"auto","background-attachment":"scroll","background-type":"","background-media":"","overlay-type":"","overlay-color":"","overlay-opacity":"","overlay-gradient":""},"tablet":{"background-color":"var(--ast-global-color-4)","background-image":"","background-repeat":"repeat","background-position":"center center","background-size":"auto","background-attachment":"scroll","background-type":"","background-media":"","overlay-type":"","overlay-color":"","overlay-opacity":"","overlay-gradient":""},"mobile":{"background-color":"var(--ast-global-color-4)","background-image":"","background-repeat":"repeat","background-position":"center center","background-size":"auto","background-attachment":"scroll","background-type":"","background-media":"","overlay-type":"","overlay-color":"","overlay-opacity":"","overlay-gradient":""}},"footnotes":""},"class_list":["post-1690","page","type-page","status-publish","hentry","desktop-align-left","tablet-align-left","mobile-align-left"],"yoast_head":"<!-- This site is optimized with the Yoast SEO plugin v27.1 - https:\/\/yoast.com\/product\/yoast-seo-wordpress\/ -->\n<title>Biotopes - Palladis Games<\/title>\n<meta name=\"robots\" content=\"index, follow, max-snippet:-1, max-image-preview:large, max-video-preview:-1\" \/>\n<link rel=\"canonical\" href=\"https:\/\/www.palladisgames.fr\/en\/boutique-2\/biotopes\/\" \/>\n<meta property=\"og:locale\" content=\"en_GB\" \/>\n<meta property=\"og:type\" content=\"article\" \/>\n<meta property=\"og:title\" content=\"Biotopes - Palladis Games\" \/>\n<meta property=\"og:description\" content=\"Avec BIOTOPES, d\u00e9veloppez votre \u00e9cosyst\u00e8me en colonisant des espaces naturels et en attirant des esp\u00e8ces animales. Affrontez les autres joueurs [&hellip;]\" \/>\n<meta property=\"og:url\" content=\"https:\/\/www.palladisgames.fr\/en\/boutique-2\/biotopes\/\" \/>\n<meta property=\"og:site_name\" content=\"Palladis Games\" \/>\n<meta property=\"article:publisher\" content=\"https:\/\/www.facebook.com\/palladisgames\/\" \/>\n<meta property=\"article:modified_time\" content=\"2026-01-22T13:52:02+00:00\" \/>\n<meta property=\"og:image\" content=\"https:\/\/www.palladisgames.fr\/wp-content\/uploads\/2025\/01\/Sans-titre-4.png\" \/>\n<meta name=\"twitter:card\" content=\"summary_large_image\" \/>\n<meta name=\"twitter:label1\" content=\"Estimated reading time\" \/>\n\t<meta name=\"twitter:data1\" content=\"1 minute\" \/>\n<script type=\"application\/ld+json\" class=\"yoast-schema-graph\">{\"@context\":\"https:\/\/schema.org\",\"@graph\":[{\"@type\":\"WebPage\",\"@id\":\"https:\/\/www.palladisgames.fr\/boutique-2\/biotopes\/\",\"url\":\"https:\/\/www.palladisgames.fr\/boutique-2\/biotopes\/\",\"name\":\"Biotopes - Palladis Games\",\"isPartOf\":{\"@id\":\"https:\/\/www.palladisgames.fr\/#website\"},\"primaryImageOfPage\":{\"@id\":\"https:\/\/www.palladisgames.fr\/boutique-2\/biotopes\/#primaryimage\"},\"image\":{\"@id\":\"https:\/\/www.palladisgames.fr\/boutique-2\/biotopes\/#primaryimage\"},\"thumbnailUrl\":\"https:\/\/www.palladisgames.fr\/wp-content\/uploads\/2025\/01\/Sans-titre-4.png\",\"datePublished\":\"2025-10-09T13:00:49+00:00\",\"dateModified\":\"2026-01-22T13:52:02+00:00\",\"breadcrumb\":{\"@id\":\"https:\/\/www.palladisgames.fr\/boutique-2\/biotopes\/#breadcrumb\"},\"inLanguage\":\"en-GB\",\"potentialAction\":[{\"@type\":\"ReadAction\",\"target\":[\"https:\/\/www.palladisgames.fr\/boutique-2\/biotopes\/\"]}]},{\"@type\":\"ImageObject\",\"inLanguage\":\"en-GB\",\"@id\":\"https:\/\/www.palladisgames.fr\/boutique-2\/biotopes\/#primaryimage\",\"url\":\"https:\/\/www.palladisgames.fr\/wp-content\/uploads\/2025\/01\/Sans-titre-4.png\",\"contentUrl\":\"https:\/\/www.palladisgames.fr\/wp-content\/uploads\/2025\/01\/Sans-titre-4.png\"},{\"@type\":\"BreadcrumbList\",\"@id\":\"https:\/\/www.palladisgames.fr\/boutique-2\/biotopes\/#breadcrumb\",\"itemListElement\":[{\"@type\":\"ListItem\",\"position\":1,\"name\":\"Accueil\",\"item\":\"https:\/\/www.palladisgames.fr\/\"},{\"@type\":\"ListItem\",\"position\":2,\"name\":\"Boutique\",\"item\":\"https:\/\/www.palladisgames.fr\/boutique-2\/\"},{\"@type\":\"ListItem\",\"position\":3,\"name\":\"Biotopes\"}]},{\"@type\":\"WebSite\",\"@id\":\"https:\/\/www.palladisgames.fr\/#website\",\"url\":\"https:\/\/www.palladisgames.fr\/\",\"name\":\"Palladis Games\",\"description\":\"Le jeu par nature\",\"publisher\":{\"@id\":\"https:\/\/www.palladisgames.fr\/#organization\"},\"potentialAction\":[{\"@type\":\"SearchAction\",\"target\":{\"@type\":\"EntryPoint\",\"urlTemplate\":\"https:\/\/www.palladisgames.fr\/?s={search_term_string}\"},\"query-input\":{\"@type\":\"PropertyValueSpecification\",\"valueRequired\":true,\"valueName\":\"search_term_string\"}}],\"inLanguage\":\"en-GB\"},{\"@type\":\"Organization\",\"@id\":\"https:\/\/www.palladisgames.fr\/#organization\",\"name\":\"Palladis Games\",\"url\":\"https:\/\/www.palladisgames.fr\/\",\"logo\":{\"@type\":\"ImageObject\",\"inLanguage\":\"en-GB\",\"@id\":\"https:\/\/www.palladisgames.fr\/#\/schema\/logo\/image\/\",\"url\":\"https:\/\/www.palladisgames.fr\/wp-content\/uploads\/2023\/07\/logo-small.png\",\"contentUrl\":\"https:\/\/www.palladisgames.fr\/wp-content\/uploads\/2023\/07\/logo-small.png\",\"width\":132,\"height\":37,\"caption\":\"Palladis Games\"},\"image\":{\"@id\":\"https:\/\/www.palladisgames.fr\/#\/schema\/logo\/image\/\"},\"sameAs\":[\"https:\/\/www.facebook.com\/palladisgames\/\"]}]}<\/script>\n<!-- \/ Yoast SEO plugin. -->","yoast_head_json":{"title":"Biotopes - Palladis Games","robots":{"index":"index","follow":"follow","max-snippet":"max-snippet:-1","max-image-preview":"max-image-preview:large","max-video-preview":"max-video-preview:-1"},"canonical":"https:\/\/www.palladisgames.fr\/en\/boutique-2\/biotopes\/","og_locale":"en_GB","og_type":"article","og_title":"Biotopes - Palladis Games","og_description":"Avec BIOTOPES, d\u00e9veloppez votre \u00e9cosyst\u00e8me en colonisant des espaces naturels et en attirant des esp\u00e8ces animales. Affrontez les autres joueurs [&hellip;]","og_url":"https:\/\/www.palladisgames.fr\/en\/boutique-2\/biotopes\/","og_site_name":"Palladis Games","article_publisher":"https:\/\/www.facebook.com\/palladisgames\/","article_modified_time":"2026-01-22T13:52:02+00:00","og_image":[{"url":"https:\/\/www.palladisgames.fr\/wp-content\/uploads\/2025\/01\/Sans-titre-4.png","type":"","width":"","height":""}],"twitter_card":"summary_large_image","twitter_misc":{"Estimated reading time":"1 minute"},"schema":{"@context":"https:\/\/schema.org","@graph":[{"@type":"WebPage","@id":"https:\/\/www.palladisgames.fr\/boutique-2\/biotopes\/","url":"https:\/\/www.palladisgames.fr\/boutique-2\/biotopes\/","name":"Biotopes - Palladis Games","isPartOf":{"@id":"https:\/\/www.palladisgames.fr\/#website"},"primaryImageOfPage":{"@id":"https:\/\/www.palladisgames.fr\/boutique-2\/biotopes\/#primaryimage"},"image":{"@id":"https:\/\/www.palladisgames.fr\/boutique-2\/biotopes\/#primaryimage"},"thumbnailUrl":"https:\/\/www.palladisgames.fr\/wp-content\/uploads\/2025\/01\/Sans-titre-4.png","datePublished":"2025-10-09T13:00:49+00:00","dateModified":"2026-01-22T13:52:02+00:00","breadcrumb":{"@id":"https:\/\/www.palladisgames.fr\/boutique-2\/biotopes\/#breadcrumb"},"inLanguage":"en-GB","potentialAction":[{"@type":"ReadAction","target":["https:\/\/www.palladisgames.fr\/boutique-2\/biotopes\/"]}]},{"@type":"ImageObject","inLanguage":"en-GB","@id":"https:\/\/www.palladisgames.fr\/boutique-2\/biotopes\/#primaryimage","url":"https:\/\/www.palladisgames.fr\/wp-content\/uploads\/2025\/01\/Sans-titre-4.png","contentUrl":"https:\/\/www.palladisgames.fr\/wp-content\/uploads\/2025\/01\/Sans-titre-4.png"},{"@type":"BreadcrumbList","@id":"https:\/\/www.palladisgames.fr\/boutique-2\/biotopes\/#breadcrumb","itemListElement":[{"@type":"ListItem","position":1,"name":"Accueil","item":"https:\/\/www.palladisgames.fr\/"},{"@type":"ListItem","position":2,"name":"Boutique","item":"https:\/\/www.palladisgames.fr\/boutique-2\/"},{"@type":"ListItem","position":3,"name":"Biotopes"}]},{"@type":"WebSite","@id":"https:\/\/www.palladisgames.fr\/#website","url":"https:\/\/www.palladisgames.fr\/","name":"Palladis Games","description":"Le jeu par nature","publisher":{"@id":"https:\/\/www.palladisgames.fr\/#organization"},"potentialAction":[{"@type":"SearchAction","target":{"@type":"EntryPoint","urlTemplate":"https:\/\/www.palladisgames.fr\/?s={search_term_string}"},"query-input":{"@type":"PropertyValueSpecification","valueRequired":true,"valueName":"search_term_string"}}],"inLanguage":"en-GB"},{"@type":"Organization","@id":"https:\/\/www.palladisgames.fr\/#organization","name":"Palladis Games","url":"https:\/\/www.palladisgames.fr\/","logo":{"@type":"ImageObject","inLanguage":"en-GB","@id":"https:\/\/www.palladisgames.fr\/#\/schema\/logo\/image\/","url":"https:\/\/www.palladisgames.fr\/wp-content\/uploads\/2023\/07\/logo-small.png","contentUrl":"https:\/\/www.palladisgames.fr\/wp-content\/uploads\/2023\/07\/logo-small.png","width":132,"height":37,"caption":"Palladis Games"},"image":{"@id":"https:\/\/www.palladisgames.fr\/#\/schema\/logo\/image\/"},"sameAs":["https:\/\/www.facebook.com\/palladisgames\/"]}]}},"uagb_featured_image_src":{"full":false,"thumbnail":false,"medium":false,"medium_large":false,"large":false,"1536x1536":false,"2048x2048":false,"trp-custom-language-flag":false,"woocommerce_thumbnail":false,"woocommerce_single":false,"woocommerce_gallery_thumbnail":false},"uagb_author_info":{"display_name":"Palladis","author_link":"https:\/\/www.palladisgames.fr\/en\/author\/palladis\/"},"uagb_comment_info":0,"uagb_excerpt":"Avec BIOTOPES, d\u00e9veloppez votre \u00e9cosyst\u00e8me en colonisant des espaces naturels et en attirant des esp\u00e8ces animales. Affrontez les autres joueurs [&hellip;]","_links":{"self":[{"href":"https:\/\/www.palladisgames.fr\/en\/wp-json\/wp\/v2\/pages\/1690","targetHints":{"allow":["GET"]}}],"collection":[{"href":"https:\/\/www.palladisgames.fr\/en\/wp-json\/wp\/v2\/pages"}],"about":[{"href":"https:\/\/www.palladisgames.fr\/en\/wp-json\/wp\/v2\/types\/page"}],"author":[{"embeddable":true,"href":"https:\/\/www.palladisgames.fr\/en\/wp-json\/wp\/v2\/users\/3"}],"replies":[{"embeddable":true,"href":"https:\/\/www.palladisgames.fr\/en\/wp-json\/wp\/v2\/comments?post=1690"}],"version-history":[{"count":6,"href":"https:\/\/www.palladisgames.fr\/en\/wp-json\/wp\/v2\/pages\/1690\/revisions"}],"predecessor-version":[{"id":1948,"href":"https:\/\/www.palladisgames.fr\/en\/wp-json\/wp\/v2\/pages\/1690\/revisions\/1948"}],"up":[{"embeddable":true,"href":"https:\/\/www.palladisgames.fr\/en\/wp-json\/wp\/v2\/pages\/445"}],"wp:attachment":[{"href":"https:\/\/www.palladisgames.fr\/en\/wp-json\/wp\/v2\/media?parent=1690"}],"curies":[{"name":"wp","href":"https:\/\/api.w.org\/{rel}","templated":true}]}}