{"id":1589,"date":"2025-10-09T09:41:31","date_gmt":"2025-10-09T07:41:31","guid":{"rendered":"https:\/\/www.palladisgames.fr\/?page_id=1589"},"modified":"2025-10-09T15:59:13","modified_gmt":"2025-10-09T13:59:13","slug":"kintsugi","status":"publish","type":"page","link":"https:\/\/www.palladisgames.fr\/en\/boutique-2\/kintsugi\/","title":{"rendered":"Kintsugi"},"content":{"rendered":"<div class=\"wp-block-uagb-container uagb-block-681516ce alignfull uagb-is-root-container\"><div class=\"uagb-container-inner-blocks-wrap\">\n<div class=\"wp-block-uagb-container uagb-block-379d3580\">\n<div class=\"wp-block-uagb-image uagb-block-055bdb86 wp-block-uagb-image--layout-default wp-block-uagb-image--effect-static wp-block-uagb-image--align-none\"><figure class=\"wp-block-uagb-image__figure\"><img decoding=\"async\"  sizes=\"auto, (max-width: 480px) 150px\" src=\"https:\/\/www.palladisgames.fr\/wp-content\/uploads\/2025\/01\/kintsugi.png\" alt=\"\" width=\"500\" height=\"500\" title=\"\" loading=\"lazy\" role=\"img\"\/><\/figure><\/div>\n\n\n\n<div class=\"wp-block-file has-border-color has-ast-global-color-5-border-color has-ast-global-color-1-background-color has-background has-link-color wp-elements-ef488d9b51449d86f5554129cc3f9c56\" style=\"border-width:1px;border-radius:20px;margin-right:0;margin-left:0;padding-right:var(--wp--preset--spacing--80);padding-left:var(--wp--preset--spacing--80)\"><a id=\"wp-block-file--media-dd79ea7e-bf24-4738-a716-9ad54a62c56d\" href=\"https:\/\/www.palladisgames.fr\/wp-content\/uploads\/2025\/10\/Kintsugi-regles.pdf\" target=\"_blank\" rel=\"noreferrer noopener\">R\u00e8gles du jeu<\/a><a href=\"https:\/\/www.palladisgames.fr\/wp-content\/uploads\/2025\/10\/Kintsugi-regles.pdf\" class=\"wp-block-file__button wp-element-button\" download aria-describedby=\"wp-block-file--media-dd79ea7e-bf24-4738-a716-9ad54a62c56d\">T\u00e9l\u00e9charger<\/a><\/div>\n<\/div>\n\n\n\n<div class=\"wp-block-uagb-container uagb-block-87e3ca05\"><h2 class=\"has-link-color wp-elements-569f3e1e931f388db637207e3f6aa838 wp-block-post-title has-text-color has-ast-global-color-7-color\">Kintsugi<\/h2>\n\n\n<p class=\"has-ast-global-color-2-color has-text-color has-link-color wp-elements-fbde7844fe128d85308d79b3355b9ac7\">Le kintsugi est un art japonais o\u00f9 les c\u00e9ramiques cass\u00e9es sontr\u00e9par\u00e9es avec de la laque dor\u00e9e. Il consid\u00e8re la casse et la r\u00e9paration comme de belles facettes de l\u2019histoire unique d\u2019un objet.<br><br>Dans <strong>Kinstugi<\/strong>, les joueurs piochent des cartes repr\u00e9sentant des c\u00e9ramiques, g\u00e8rent leur casse et les r\u00e9parent judicieusement afin d&#8217;augmenter leur valeur. <\/p>\n\n\n\n<div data-block-name=\"woocommerce\/single-product\" data-product-id=\"329\" data-wp-context=\"{&quot;productId&quot;:329,&quot;variationId&quot;:null}\" data-wp-interactive=\"woocommerce\/single-product\" class=\"wp-block-woocommerce-single-product woocommerce\"><div data-block-name=\"woocommerce\/product-price\" data-is-descendent-of-single-product-block=\"true\" data-style=\"{&quot;elements&quot;:{&quot;link&quot;:{&quot;color&quot;:{&quot;text&quot;:&quot;var:preset|color|ast-global-color-2&quot;}}},&quot;typography&quot;:{&quot;fontStyle&quot;:&quot;normal&quot;,&quot;fontWeight&quot;:&quot;1000&quot;}}\" data-text-color=\"ast-global-color-2\" class=\"wp-block-woocommerce-product-price\" ><div class=\"wc-block-components-product-price wc-block-grid__product-price  has-text-color has-ast-global-color-2-color\" style=\"font-style: normal; font-weight: 1000;\" >\n\t\t\t\t\t<span class=\"woocommerce-Price-amount amount\"><bdi>20,00&nbsp;<span class=\"woocommerce-Price-currencySymbol\">\u20ac<\/span><\/bdi><\/span>\n\t\t\t\t<\/div><\/div>\n\n<div data-block-name=\"woocommerce\/add-to-cart-form\" class=\"wp-block-add-to-cart-form wc-block-add-to-cart-form product wc-block-add-to-cart-form--input wp-block-woocommerce-add-to-cart-form\" >\n\t\n\t<form class=\"cart\" action=\"https:\/\/www.palladisgames.fr\/en\/wp-json\/wp\/v2\/pages\/1589\" method=\"post\" enctype='multipart\/form-data' data-trp-original-action=\"https:\/\/www.palladisgames.fr\/en\/wp-json\/wp\/v2\/pages\/1589\">\n\t\t\n\t\t<div class=\"quantity\">\n\t\t<label class=\"screen-reader-text\" for=\"quantity_69e4a40b99230\" data-no-translation=\"\" data-trp-gettext=\"\">Kintsugi quantity<\/label>\n\t<input\n\t\ttype=\"number\"\n\t\t\t\tid=\"quantity_69e4a40b99230\"\n\t\tclass=\"input-text qty text\"\n\t\tname=\"quantity\"\n\t\tvalue=\"1\"\n\t\taria-label=\"Product quantity\"\n\t\t\t\tmin=\"1\"\n\t\t\t\t\t\t\tstep=\"1\"\n\t\t\tplaceholder=\"\"\n\t\t\tinputmode=\"numeric\"\n\t\t\tautocomplete=\"off\" data-no-translation-aria-label=\"\"\n\t\t\t\/>\n\t<\/div>\n\n\t\t<button type=\"submit\" name=\"add-to-cart\" value=\"329\" class=\"single_add_to_cart_button button alt\" data-no-translation=\"\" data-trp-gettext=\"\">Add to basket<\/button>\n\n\t\t\t<input type=\"hidden\" name=\"trp-form-language\" value=\"en\"\/><\/form>\n\n\t\n<\/div><\/div>\n<\/div>\n<\/div><\/div>\n\n\n\n<div class=\"wp-block-uagb-container uagb-block-14c10719 alignfull uagb-is-root-container\"><div class=\"uagb-container-inner-blocks-wrap\">\n<div class=\"wp-block-uagb-container uagb-block-40f5900e\">\n<p><strong>Brisez, r\u00e9parez, sublimez : d\u00e9couvrez Kintsugi !<\/strong><\/p>\n\n\n\n<p>Plongez dans l\u2019art japonais du kintsugi avec ce jeu de draft et de collection o\u00f9 chaque c\u00e9ramique cass\u00e9e rena\u00eet, magnifi\u00e9e d\u2019or et d\u2019histoire. Dans Kintsugi, chaque joueur compose une collection unique d\u2019objets pr\u00e9cieux. Prenez des risques, g\u00e9rez la casse, et restaurez vos c\u00e9ramiques pour leur offrir une splendeur surpassant leur valeur d\u2019origine !<\/p>\n\n\n\n<ul class=\"wp-block-list\">\n<li><strong>Un gameplay rapide et accessible<\/strong>&nbsp;pour des parties de 15 minutes, \u00e0 partager en famille ou entre amis (2 \u00e0 4 joueurs, d\u00e8s 9 ans).<\/li>\n\n\n\n<li><strong>Fabriqu\u00e9 en France<\/strong>, sans plastique, avec des composants issus de fili\u00e8res durables.<\/li>\n\n\n\n<li><strong>Des m\u00e9caniques simples et strat\u00e9giques<\/strong>&nbsp;: anticipez, contrecarrez les plans de vos adversaires, et faites grimper votre score en maniant l\u2019art de la r\u00e9paration !<\/li>\n<\/ul>\n\n\n\n<p>\u00c0 chaque partie, c\u00e9l\u00e9brez la philosophie kintsugi : vos objets ne deviennent pas simplement plus beaux, ils racontent l\u2019histoire de leurs imperfections\u2026 Un jeu qui valorise la r\u00e9silience et la beaut\u00e9 des choses marqu\u00e9es par le temps.<\/p>\n<\/div>\n\n\n\n<div class=\"wp-block-uagb-container uagb-block-3bc82998\">\n<figure class=\"wp-block-embed is-type-video is-provider-youtube wp-block-embed-youtube wp-embed-aspect-16-9 wp-has-aspect-ratio\"><div class=\"wp-block-embed__wrapper\">\n<iframe loading=\"lazy\" title=\"Ludochrono - Kintsugi\" width=\"500\" height=\"281\" src=\"https:\/\/www.youtube.com\/embed\/TVp6iqq8pMA?feature=oembed\" frameborder=\"0\" allow=\"accelerometer; autoplay; clipboard-write; encrypted-media; gyroscope; picture-in-picture; web-share\" referrerpolicy=\"strict-origin-when-cross-origin\" allowfullscreen><\/iframe>\n<\/div><\/figure>\n\n\n\n<figure class=\"wp-block-embed is-type-video is-provider-youtube wp-block-embed-youtube wp-embed-aspect-16-9 wp-has-aspect-ratio\"><div class=\"wp-block-embed__wrapper\">\n<iframe loading=\"lazy\" title=\"{ R\u00e8gles Et Partie } ON JOUE \u00c0 KINTSUGI | Jeu De Soci\u00e9t\u00e9 | Palladis Games\" width=\"500\" height=\"281\" src=\"https:\/\/www.youtube.com\/embed\/62b5jkZWmsc?feature=oembed\" frameborder=\"0\" allow=\"accelerometer; autoplay; clipboard-write; encrypted-media; gyroscope; picture-in-picture; web-share\" referrerpolicy=\"strict-origin-when-cross-origin\" allowfullscreen><\/iframe>\n<\/div><\/figure>\n<\/div>\n<\/div><\/div>\n\n    <div class=\"xs_social_share_widget xs_share_url after_content \t\tmain_content  wslu-style-1 wslu-share-box-shaped wslu-fill-colored wslu-none wslu-share-horizontal wslu-theme-font-no wslu-main_content\">\n\n\t\t\n        <ul>\n\t\t\t        <\/ul>\n    <\/div>","protected":false},"excerpt":{"rendered":"<p>Le kintsugi est un art japonais o\u00f9 les c\u00e9ramiques cass\u00e9es sontr\u00e9par\u00e9es avec de la laque dor\u00e9e. Il consid\u00e8re la casse [&hellip;]<\/p>","protected":false},"author":3,"featured_media":0,"parent":445,"menu_order":5,"comment_status":"closed","ping_status":"closed","template":"","meta":{"_uag_custom_page_level_css":"","site-sidebar-layout":"default","site-content-layout":"","ast-site-content-layout":"default","site-content-style":"default","site-sidebar-style":"default","ast-global-header-display":"","ast-banner-title-visibility":"","ast-main-header-display":"","ast-hfb-above-header-display":"","ast-hfb-below-header-display":"","ast-hfb-mobile-header-display":"","site-post-title":"disabled","ast-breadcrumbs-content":"","ast-featured-img":"","footer-sml-layout":"","theme-transparent-header-meta":"","adv-header-id-meta":"","stick-header-meta":"","header-above-stick-meta":"","header-main-stick-meta":"","header-below-stick-meta":"","astra-migrate-meta-layouts":"default","ast-page-background-enabled":"default","ast-page-background-meta":{"desktop":{"background-color":"var(--ast-global-color-5)","background-image":"","background-repeat":"repeat","background-position":"center center","background-size":"auto","background-attachment":"scroll","background-type":"","background-media":"","overlay-type":"","overlay-color":"","overlay-opacity":"","overlay-gradient":""},"tablet":{"background-color":"","background-image":"","background-repeat":"repeat","background-position":"center center","background-size":"auto","background-attachment":"scroll","background-type":"","background-media":"","overlay-type":"","overlay-color":"","overlay-opacity":"","overlay-gradient":""},"mobile":{"background-color":"","background-image":"","background-repeat":"repeat","background-position":"center center","background-size":"auto","background-attachment":"scroll","background-type":"","background-media":"","overlay-type":"","overlay-color":"","overlay-opacity":"","overlay-gradient":""}},"ast-content-background-meta":{"desktop":{"background-color":"var(--ast-global-color-4)","background-image":"","background-repeat":"repeat","background-position":"center center","background-size":"auto","background-attachment":"scroll","background-type":"","background-media":"","overlay-type":"","overlay-color":"","overlay-opacity":"","overlay-gradient":""},"tablet":{"background-color":"var(--ast-global-color-4)","background-image":"","background-repeat":"repeat","background-position":"center center","background-size":"auto","background-attachment":"scroll","background-type":"","background-media":"","overlay-type":"","overlay-color":"","overlay-opacity":"","overlay-gradient":""},"mobile":{"background-color":"var(--ast-global-color-4)","background-image":"","background-repeat":"repeat","background-position":"center center","background-size":"auto","background-attachment":"scroll","background-type":"","background-media":"","overlay-type":"","overlay-color":"","overlay-opacity":"","overlay-gradient":""}},"footnotes":""},"class_list":["post-1589","page","type-page","status-publish","hentry"],"yoast_head":"<!-- This site is optimized with the Yoast SEO plugin v27.1 - https:\/\/yoast.com\/product\/yoast-seo-wordpress\/ -->\n<title>Kintsugi - Palladis Games<\/title>\n<meta name=\"robots\" content=\"index, follow, max-snippet:-1, max-image-preview:large, max-video-preview:-1\" \/>\n<link rel=\"canonical\" href=\"https:\/\/www.palladisgames.fr\/en\/boutique-2\/kintsugi\/\" \/>\n<meta property=\"og:locale\" content=\"en_GB\" \/>\n<meta property=\"og:type\" content=\"article\" \/>\n<meta property=\"og:title\" content=\"Kintsugi - Palladis Games\" \/>\n<meta property=\"og:description\" content=\"Le kintsugi est un art japonais o\u00f9 les c\u00e9ramiques cass\u00e9es sontr\u00e9par\u00e9es avec de la laque dor\u00e9e. Il consid\u00e8re la casse [&hellip;]\" \/>\n<meta property=\"og:url\" content=\"https:\/\/www.palladisgames.fr\/en\/boutique-2\/kintsugi\/\" \/>\n<meta property=\"og:site_name\" content=\"Palladis Games\" \/>\n<meta property=\"article:publisher\" content=\"https:\/\/www.facebook.com\/palladisgames\/\" \/>\n<meta property=\"article:modified_time\" content=\"2025-10-09T13:59:13+00:00\" \/>\n<meta property=\"og:image\" content=\"https:\/\/www.palladisgames.fr\/wp-content\/uploads\/2025\/01\/kintsugi.png\" \/>\n<meta name=\"twitter:card\" content=\"summary_large_image\" \/>\n<meta name=\"twitter:label1\" content=\"Estimated reading time\" \/>\n\t<meta name=\"twitter:data1\" content=\"2 minutes\" \/>\n<script type=\"application\/ld+json\" class=\"yoast-schema-graph\">{\"@context\":\"https:\/\/schema.org\",\"@graph\":[{\"@type\":\"WebPage\",\"@id\":\"https:\/\/www.palladisgames.fr\/boutique-2\/kintsugi\/\",\"url\":\"https:\/\/www.palladisgames.fr\/boutique-2\/kintsugi\/\",\"name\":\"Kintsugi - Palladis Games\",\"isPartOf\":{\"@id\":\"https:\/\/www.palladisgames.fr\/#website\"},\"primaryImageOfPage\":{\"@id\":\"https:\/\/www.palladisgames.fr\/boutique-2\/kintsugi\/#primaryimage\"},\"image\":{\"@id\":\"https:\/\/www.palladisgames.fr\/boutique-2\/kintsugi\/#primaryimage\"},\"thumbnailUrl\":\"https:\/\/www.palladisgames.fr\/wp-content\/uploads\/2025\/01\/kintsugi.png\",\"datePublished\":\"2025-10-09T07:41:31+00:00\",\"dateModified\":\"2025-10-09T13:59:13+00:00\",\"breadcrumb\":{\"@id\":\"https:\/\/www.palladisgames.fr\/boutique-2\/kintsugi\/#breadcrumb\"},\"inLanguage\":\"en-GB\",\"potentialAction\":[{\"@type\":\"ReadAction\",\"target\":[\"https:\/\/www.palladisgames.fr\/boutique-2\/kintsugi\/\"]}]},{\"@type\":\"ImageObject\",\"inLanguage\":\"en-GB\",\"@id\":\"https:\/\/www.palladisgames.fr\/boutique-2\/kintsugi\/#primaryimage\",\"url\":\"https:\/\/www.palladisgames.fr\/wp-content\/uploads\/2025\/01\/kintsugi.png\",\"contentUrl\":\"https:\/\/www.palladisgames.fr\/wp-content\/uploads\/2025\/01\/kintsugi.png\"},{\"@type\":\"BreadcrumbList\",\"@id\":\"https:\/\/www.palladisgames.fr\/boutique-2\/kintsugi\/#breadcrumb\",\"itemListElement\":[{\"@type\":\"ListItem\",\"position\":1,\"name\":\"Accueil\",\"item\":\"https:\/\/www.palladisgames.fr\/\"},{\"@type\":\"ListItem\",\"position\":2,\"name\":\"Boutique\",\"item\":\"https:\/\/www.palladisgames.fr\/boutique-2\/\"},{\"@type\":\"ListItem\",\"position\":3,\"name\":\"Kintsugi\"}]},{\"@type\":\"WebSite\",\"@id\":\"https:\/\/www.palladisgames.fr\/#website\",\"url\":\"https:\/\/www.palladisgames.fr\/\",\"name\":\"Palladis Games\",\"description\":\"Le jeu par nature\",\"publisher\":{\"@id\":\"https:\/\/www.palladisgames.fr\/#organization\"},\"potentialAction\":[{\"@type\":\"SearchAction\",\"target\":{\"@type\":\"EntryPoint\",\"urlTemplate\":\"https:\/\/www.palladisgames.fr\/?s={search_term_string}\"},\"query-input\":{\"@type\":\"PropertyValueSpecification\",\"valueRequired\":true,\"valueName\":\"search_term_string\"}}],\"inLanguage\":\"en-GB\"},{\"@type\":\"Organization\",\"@id\":\"https:\/\/www.palladisgames.fr\/#organization\",\"name\":\"Palladis Games\",\"url\":\"https:\/\/www.palladisgames.fr\/\",\"logo\":{\"@type\":\"ImageObject\",\"inLanguage\":\"en-GB\",\"@id\":\"https:\/\/www.palladisgames.fr\/#\/schema\/logo\/image\/\",\"url\":\"https:\/\/www.palladisgames.fr\/wp-content\/uploads\/2023\/07\/logo-small.png\",\"contentUrl\":\"https:\/\/www.palladisgames.fr\/wp-content\/uploads\/2023\/07\/logo-small.png\",\"width\":132,\"height\":37,\"caption\":\"Palladis Games\"},\"image\":{\"@id\":\"https:\/\/www.palladisgames.fr\/#\/schema\/logo\/image\/\"},\"sameAs\":[\"https:\/\/www.facebook.com\/palladisgames\/\"]}]}<\/script>\n<!-- \/ Yoast SEO plugin. -->","yoast_head_json":{"title":"Kintsugi - Palladis Games","robots":{"index":"index","follow":"follow","max-snippet":"max-snippet:-1","max-image-preview":"max-image-preview:large","max-video-preview":"max-video-preview:-1"},"canonical":"https:\/\/www.palladisgames.fr\/en\/boutique-2\/kintsugi\/","og_locale":"en_GB","og_type":"article","og_title":"Kintsugi - Palladis Games","og_description":"Le kintsugi est un art japonais o\u00f9 les c\u00e9ramiques cass\u00e9es sontr\u00e9par\u00e9es avec de la laque dor\u00e9e. Il consid\u00e8re la casse [&hellip;]","og_url":"https:\/\/www.palladisgames.fr\/en\/boutique-2\/kintsugi\/","og_site_name":"Palladis Games","article_publisher":"https:\/\/www.facebook.com\/palladisgames\/","article_modified_time":"2025-10-09T13:59:13+00:00","og_image":[{"url":"https:\/\/www.palladisgames.fr\/wp-content\/uploads\/2025\/01\/kintsugi.png","type":"","width":"","height":""}],"twitter_card":"summary_large_image","twitter_misc":{"Estimated reading time":"2 minutes"},"schema":{"@context":"https:\/\/schema.org","@graph":[{"@type":"WebPage","@id":"https:\/\/www.palladisgames.fr\/boutique-2\/kintsugi\/","url":"https:\/\/www.palladisgames.fr\/boutique-2\/kintsugi\/","name":"Kintsugi - Palladis Games","isPartOf":{"@id":"https:\/\/www.palladisgames.fr\/#website"},"primaryImageOfPage":{"@id":"https:\/\/www.palladisgames.fr\/boutique-2\/kintsugi\/#primaryimage"},"image":{"@id":"https:\/\/www.palladisgames.fr\/boutique-2\/kintsugi\/#primaryimage"},"thumbnailUrl":"https:\/\/www.palladisgames.fr\/wp-content\/uploads\/2025\/01\/kintsugi.png","datePublished":"2025-10-09T07:41:31+00:00","dateModified":"2025-10-09T13:59:13+00:00","breadcrumb":{"@id":"https:\/\/www.palladisgames.fr\/boutique-2\/kintsugi\/#breadcrumb"},"inLanguage":"en-GB","potentialAction":[{"@type":"ReadAction","target":["https:\/\/www.palladisgames.fr\/boutique-2\/kintsugi\/"]}]},{"@type":"ImageObject","inLanguage":"en-GB","@id":"https:\/\/www.palladisgames.fr\/boutique-2\/kintsugi\/#primaryimage","url":"https:\/\/www.palladisgames.fr\/wp-content\/uploads\/2025\/01\/kintsugi.png","contentUrl":"https:\/\/www.palladisgames.fr\/wp-content\/uploads\/2025\/01\/kintsugi.png"},{"@type":"BreadcrumbList","@id":"https:\/\/www.palladisgames.fr\/boutique-2\/kintsugi\/#breadcrumb","itemListElement":[{"@type":"ListItem","position":1,"name":"Accueil","item":"https:\/\/www.palladisgames.fr\/"},{"@type":"ListItem","position":2,"name":"Boutique","item":"https:\/\/www.palladisgames.fr\/boutique-2\/"},{"@type":"ListItem","position":3,"name":"Kintsugi"}]},{"@type":"WebSite","@id":"https:\/\/www.palladisgames.fr\/#website","url":"https:\/\/www.palladisgames.fr\/","name":"Palladis Games","description":"Le jeu par nature","publisher":{"@id":"https:\/\/www.palladisgames.fr\/#organization"},"potentialAction":[{"@type":"SearchAction","target":{"@type":"EntryPoint","urlTemplate":"https:\/\/www.palladisgames.fr\/?s={search_term_string}"},"query-input":{"@type":"PropertyValueSpecification","valueRequired":true,"valueName":"search_term_string"}}],"inLanguage":"en-GB"},{"@type":"Organization","@id":"https:\/\/www.palladisgames.fr\/#organization","name":"Palladis Games","url":"https:\/\/www.palladisgames.fr\/","logo":{"@type":"ImageObject","inLanguage":"en-GB","@id":"https:\/\/www.palladisgames.fr\/#\/schema\/logo\/image\/","url":"https:\/\/www.palladisgames.fr\/wp-content\/uploads\/2023\/07\/logo-small.png","contentUrl":"https:\/\/www.palladisgames.fr\/wp-content\/uploads\/2023\/07\/logo-small.png","width":132,"height":37,"caption":"Palladis Games"},"image":{"@id":"https:\/\/www.palladisgames.fr\/#\/schema\/logo\/image\/"},"sameAs":["https:\/\/www.facebook.com\/palladisgames\/"]}]}},"uagb_featured_image_src":{"full":false,"thumbnail":false,"medium":false,"medium_large":false,"large":false,"1536x1536":false,"2048x2048":false,"trp-custom-language-flag":false,"woocommerce_thumbnail":false,"woocommerce_single":false,"woocommerce_gallery_thumbnail":false},"uagb_author_info":{"display_name":"Palladis","author_link":"https:\/\/www.palladisgames.fr\/en\/author\/palladis\/"},"uagb_comment_info":0,"uagb_excerpt":"Le kintsugi est un art japonais o\u00f9 les c\u00e9ramiques cass\u00e9es sontr\u00e9par\u00e9es avec de la laque dor\u00e9e. Il consid\u00e8re la casse [&hellip;]","_links":{"self":[{"href":"https:\/\/www.palladisgames.fr\/en\/wp-json\/wp\/v2\/pages\/1589","targetHints":{"allow":["GET"]}}],"collection":[{"href":"https:\/\/www.palladisgames.fr\/en\/wp-json\/wp\/v2\/pages"}],"about":[{"href":"https:\/\/www.palladisgames.fr\/en\/wp-json\/wp\/v2\/types\/page"}],"author":[{"embeddable":true,"href":"https:\/\/www.palladisgames.fr\/en\/wp-json\/wp\/v2\/users\/3"}],"replies":[{"embeddable":true,"href":"https:\/\/www.palladisgames.fr\/en\/wp-json\/wp\/v2\/comments?post=1589"}],"version-history":[{"count":9,"href":"https:\/\/www.palladisgames.fr\/en\/wp-json\/wp\/v2\/pages\/1589\/revisions"}],"predecessor-version":[{"id":1689,"href":"https:\/\/www.palladisgames.fr\/en\/wp-json\/wp\/v2\/pages\/1589\/revisions\/1689"}],"up":[{"embeddable":true,"href":"https:\/\/www.palladisgames.fr\/en\/wp-json\/wp\/v2\/pages\/445"}],"wp:attachment":[{"href":"https:\/\/www.palladisgames.fr\/en\/wp-json\/wp\/v2\/media?parent=1589"}],"curies":[{"name":"wp","href":"https:\/\/api.w.org\/{rel}","templated":true}]}}